{"id":1336,"date":"2019-09-05T16:03:00","date_gmt":"2019-09-05T19:03:00","guid":{"rendered":"http:\/\/sonhosdeninarmoveis.com.br\/?page_id=1336"},"modified":"2019-12-16T09:08:52","modified_gmt":"2019-12-16T12:08:52","slug":"quem-somos","status":"publish","type":"page","link":"https:\/\/ninarmoveis.com.br\/?page_id=1336","title":{"rendered":"Quem somos"},"content":{"rendered":"\n<p>A Sonhos de Ninar  oferece um novo conceito de enxoval e decora\u00e7\u00e3o para quartos de beb\u00eas. Iniciamos o nosso trabalho na cidade de Rio Verde \u2013 GO, mas estendemos nossa atua\u00e7\u00e3o a todo o Brasil atrav\u00e9s do nosso site e hoje s\u00e3o diversos papais e mam\u00e3es felizes atendidos pela nossa Equipe.<\/p>\n\n\n\n<p> <\/p>\n\n\n\n<ul class=\"wp-container-2 wp-block-gallery-1 wp-block-gallery alignright columns-1 is-cropped\"><li class=\"blocks-gallery-item\"><figure><img loading=\"lazy\" width=\"512\" height=\"370\" src=\"http:\/\/sonhosdeninarmoveis.com.br\/wp-content\/uploads\/2019\/10\/Prancheta-1.png\" alt=\"\" data-id=\"2172\" data-link=\"http:\/\/sonhosdeninarmoveis.com.br\/?attachment_id=2172\" class=\"wp-image-2172\" srcset=\"https:\/\/ninarmoveis.com.br\/wp-content\/uploads\/2019\/10\/Prancheta-1.png 512w, https:\/\/ninarmoveis.com.br\/wp-content\/uploads\/2019\/10\/Prancheta-1-360x260.png 360w, https:\/\/ninarmoveis.com.br\/wp-content\/uploads\/2019\/10\/Prancheta-1-263x190.png 263w, https:\/\/ninarmoveis.com.br\/wp-content\/uploads\/2019\/10\/Prancheta-1-142x103.png 142w, https:\/\/ninarmoveis.com.br\/wp-content\/uploads\/2019\/10\/Prancheta-1-346x250.png 346w, https:\/\/ninarmoveis.com.br\/wp-content\/uploads\/2019\/10\/Prancheta-1-73x53.png 73w\" sizes=\"(max-width: 512px) 100vw, 512px\" \/><\/figure><\/li><\/ul>\n\n\n\n<p>Mais do que ser uma empresa que comercializa m\u00f3veis e itens de decora\u00e7\u00e3o, somos pioneiros no desenvolvimento de cole\u00e7\u00f5es exclusivas e  tend\u00eancias que v\u00eam para revolucionar o mercado. A miss\u00e3o que nos move \u00e9 tornar realidade o quarto do beb\u00ea dos sonhos, repleto de conforto, design, funcionalidade, prote\u00e7\u00e3o e, principalmente, muito amor.  <\/p>\n","protected":false},"excerpt":{"rendered":"<p>A Sonhos de Ninar oferece um novo conceito de enxoval e decora\u00e7\u00e3o para quartos de beb\u00eas. Iniciamos o nosso trabalho na cidade de Rio Verde \u2013 GO, mas estendemos nossa atua\u00e7\u00e3o a todo o Brasil atrav\u00e9s do nosso site e hoje s\u00e3o diversos papais e mam\u00e3es felizes atendidos pela nossa Equipe. Mais do que ser uma empresa que comercializa m\u00f3veis e itens de decora\u00e7\u00e3o, somos pioneiros no desenvolvimento de cole\u00e7\u00f5es exclusivas e tend\u00eancias que v\u00eam para revolucionar o mercado. A miss\u00e3o que nos move&hellip;<\/p>\n","protected":false},"author":1,"featured_media":0,"parent":0,"menu_order":0,"comment_status":"closed","ping_status":"closed","template":"","meta":[],"_links":{"self":[{"href":"https:\/\/ninarmoveis.com.br\/index.php?rest_route=\/wp\/v2\/pages\/1336"}],"collection":[{"href":"https:\/\/ninarmoveis.com.br\/index.php?rest_route=\/wp\/v2\/pages"}],"about":[{"href":"https:\/\/ninarmoveis.com.br\/index.php?rest_route=\/wp\/v2\/types\/page"}],"author":[{"embeddable":true,"href":"https:\/\/ninarmoveis.com.br\/index.php?rest_route=\/wp\/v2\/users\/1"}],"replies":[{"embeddable":true,"href":"https:\/\/ninarmoveis.com.br\/index.php?rest_route=%2Fwp%2Fv2%2Fcomments&post=1336"}],"version-history":[{"count":8,"href":"https:\/\/ninarmoveis.com.br\/index.php?rest_route=\/wp\/v2\/pages\/1336\/revisions"}],"predecessor-version":[{"id":3161,"href":"https:\/\/ninarmoveis.com.br\/index.php?rest_route=\/wp\/v2\/pages\/1336\/revisions\/3161"}],"wp:attachment":[{"href":"https:\/\/ninarmoveis.com.br\/index.php?rest_route=%2Fwp%2Fv2%2Fmedia&parent=1336"}],"curies":[{"name":"wp","href":"https:\/\/api.w.org\/{rel}","templated":true}]}}