{"id":445,"date":"2016-08-29T07:48:13","date_gmt":"2016-08-29T07:48:13","guid":{"rendered":"http:\/\/wp.ideapark.kz\/kidz\/babyshop\/?page_id=2"},"modified":"2021-03-11T14:19:50","modified_gmt":"2021-03-11T17:19:50","slug":"kidz-woocommerce-theme-for-baby-store","status":"publish","type":"page","link":"https:\/\/ninarmoveis.com.br\/","title":{"rendered":"Ninar M\u00f3veis"},"content":{"rendered":"<p>A Sonhos de Ninar atua oferecendo um novo conceito de enxoval e decora\u00e7\u00e3o para quartos de beb\u00eas. Iniciamos o nosso trabalho na cidade de Rio Verde \u2013 GO, mas estendemos nossa atua\u00e7\u00e3o a todo o Brasil atrav\u00e9s do nosso site e hoje s\u00e3o diversos papais e mam\u00e3es felizes atendidos pela nossa Equipe.<\/p>\n<p>Mais do que ser uma empresa que comercializa m\u00f3veis e itens de decora\u00e7\u00e3o, somos pioneiros no desenvolvimento de cole\u00e7\u00f5es exclusivas e&nbsp; tend\u00eancias que v\u00eam para revolucionar o mercado nacional. A miss\u00e3o que nos move \u00e9 tornar realidade o quarto do beb\u00ea dos sonhos, repleto de conforto, design, funcionalidade, prote\u00e7\u00e3o e, principalmente, muito amor.<\/p>\n","protected":false},"excerpt":{"rendered":"<p>A Sonhos de Ninar atua oferecendo um novo conceito de enxoval e decora\u00e7\u00e3o para quartos de beb\u00eas. Iniciamos o nosso trabalho na cidade de Rio Verde \u2013 GO, mas estendemos nossa atua\u00e7\u00e3o a todo o Brasil atrav\u00e9s do nosso site e hoje s\u00e3o diversos papais e mam\u00e3es felizes atendidos pela nossa Equipe. Mais do que ser uma empresa que comercializa m\u00f3veis e itens de decora\u00e7\u00e3o, somos pioneiros no desenvolvimento de cole\u00e7\u00f5es exclusivas e&nbsp; tend\u00eancias que v\u00eam para revolucionar o mercado nacional. A miss\u00e3o que&hellip;<\/p>\n","protected":false},"author":1,"featured_media":0,"parent":0,"menu_order":0,"comment_status":"closed","ping_status":"open","template":"","meta":[],"_links":{"self":[{"href":"https:\/\/ninarmoveis.com.br\/index.php?rest_route=\/wp\/v2\/pages\/445"}],"collection":[{"href":"https:\/\/ninarmoveis.com.br\/index.php?rest_route=\/wp\/v2\/pages"}],"about":[{"href":"https:\/\/ninarmoveis.com.br\/index.php?rest_route=\/wp\/v2\/types\/page"}],"author":[{"embeddable":true,"href":"https:\/\/ninarmoveis.com.br\/index.php?rest_route=\/wp\/v2\/users\/1"}],"replies":[{"embeddable":true,"href":"https:\/\/ninarmoveis.com.br\/index.php?rest_route=%2Fwp%2Fv2%2Fcomments&post=445"}],"version-history":[{"count":7,"href":"https:\/\/ninarmoveis.com.br\/index.php?rest_route=\/wp\/v2\/pages\/445\/revisions"}],"predecessor-version":[{"id":7895,"href":"https:\/\/ninarmoveis.com.br\/index.php?rest_route=\/wp\/v2\/pages\/445\/revisions\/7895"}],"wp:attachment":[{"href":"https:\/\/ninarmoveis.com.br\/index.php?rest_route=%2Fwp%2Fv2%2Fmedia&parent=445"}],"curies":[{"name":"wp","href":"https:\/\/api.w.org\/{rel}","templated":true}]}}