{"id":2199,"date":"2019-10-21T21:02:49","date_gmt":"2019-10-22T00:02:49","guid":{"rendered":"http:\/\/sonhosdeninarmoveis.com.br\/?post_type=product&#038;p=2199"},"modified":"2021-02-25T17:24:41","modified_gmt":"2021-02-25T20:24:41","slug":"guarda-roupas-bebe-sonic-copia","status":"publish","type":"product","link":"https:\/\/ninarmoveis.com.br\/?product=guarda-roupas-bebe-sonic-copia","title":{"rendered":"Guarda-Roupa Beb\u00ea Sonic"},"content":{"rendered":"<p><strong>Guarda-roupa 4 portas Sonic<\/strong><\/p>\n<ul>\n<li>Altura:180 cm\/186 cm (COM P\u00c9S)<\/li>\n<li>Largura:121 cm<\/li>\n<li>Profundidade: 41 cm<\/li>\n<li>Peso:73,46 kg<\/li>\n<li>Material: 100% MDF<\/li>\n<li>Corredi\u00e7as Met\u00e1licas<\/li>\n<li>Cabideiro em alum\u00ednio<\/li>\n<li>Puxadores em PVC<\/li>\n<li>Fundo de gaveta encaixado<\/li>\n<li>N\u00e3o acompanha p\u00e9s<\/li>\n<li>Cores: Branco e Imbuia Rustic\/Branco.<\/li>\n<\/ul>\n","protected":false},"excerpt":{"rendered":"<p>Um espacinho funcional \u00e9 super importante para a\u00a0organiza\u00e7\u00e3o\u00a0do quarto de uma crian\u00e7a, e que sonho seria poder ali\u00e1-lo \u00e0 estrutura de um m\u00f3vel bonito e alegre, n\u00e3o \u00e9? Tudo isso voc\u00ea encontra no\u00a0Guarda-Roupa Sonic, que conta com\u00a0amplo espa\u00e7o\u00a0interno para acomodar roupas e brinquedos e o visual que vai trazer o\u00a0charme\u00a0que falta para o quartinho do seu filho.<\/p>\n","protected":false},"featured_media":1564,"comment_status":"open","ping_status":"closed","template":"","meta":[],"_links":{"self":[{"href":"https:\/\/ninarmoveis.com.br\/index.php?rest_route=\/wp\/v2\/product\/2199"}],"collection":[{"href":"https:\/\/ninarmoveis.com.br\/index.php?rest_route=\/wp\/v2\/product"}],"about":[{"href":"https:\/\/ninarmoveis.com.br\/index.php?rest_route=\/wp\/v2\/types\/product"}],"replies":[{"embeddable":true,"href":"https:\/\/ninarmoveis.com.br\/index.php?rest_route=%2Fwp%2Fv2%2Fcomments&post=2199"}],"wp:featuredmedia":[{"embeddable":true,"href":"https:\/\/ninarmoveis.com.br\/index.php?rest_route=\/wp\/v2\/media\/1564"}],"wp:attachment":[{"href":"https:\/\/ninarmoveis.com.br\/index.php?rest_route=%2Fwp%2Fv2%2Fmedia&parent=2199"}],"curies":[{"name":"wp","href":"https:\/\/api.w.org\/{rel}","templated":true}]}}