{"id":2201,"date":"2019-10-21T21:09:13","date_gmt":"2019-10-22T00:09:13","guid":{"rendered":"http:\/\/sonhosdeninarmoveis.com.br\/?post_type=product&#038;p=2201"},"modified":"2021-01-27T17:46:42","modified_gmt":"2021-01-27T20:46:42","slug":"comoda-gaveteiro-lunna","status":"publish","type":"product","link":"https:\/\/ninarmoveis.com.br\/?product=comoda-gaveteiro-lunna","title":{"rendered":"C\u00f4moda Gaveteiro Docura"},"content":{"rendered":"<p><strong>C\u00f4moda Gaveteiro Docura<\/strong><\/p>\n<ul>\n<li><strong>Dimen\u00e7\u00f5es :<\/strong><\/li>\n<li>Altura : 82 cm<\/li>\n<li>Largura 62 cm<\/li>\n<li>Profundidade : 42 cm<\/li>\n<li>Peso: 19 kg<\/li>\n<li>Cor : Branco<\/li>\n<li>Garantia: 3 meses<\/li>\n<li>Instru\u00e7\u00f5es e cuidados: Limpar com pano levemente umedecido<\/li>\n<li>Conte\u00fado da embalagem: 1 C\u00f4moda &#8211; Entregue em : 1 volumes<\/li>\n<li>Material: MDP<\/li>\n<li>Corredi\u00e7as Met\u00e1lias<\/li>\n<li>Puxadores em PVC<\/li>\n<li>P\u00e9s fixoa em PVC<\/li>\n<li>Acabamento semi brilho<\/li>\n<li>Produto precisa de montagem : Sim, sugerimos a contrata\u00e7\u00e3o de um profissional ou do Servi\u00e7o de Montagem<\/li>\n<li>N\u00famero de portas: Sem portas<\/li>\n<li>N\u00famero de gavetas : 2 gavetas<\/li>\n<li>Tipo de p\u00e9 : Opcional<\/li>\n<\/ul>\n<p>&nbsp;<\/p>\n","protected":false},"excerpt":{"rendered":"<p>Quer deixar o quarto das crian\u00e7as ainda mais completo? Conte com a C\u00f4moda Do\u00e7ura. Charmosa, ela combina com uma estrutura cl\u00e1ssica, tudo para manter o c\u00f4modo aconchegante e pronto para fazer parte do crescimento do seu filho. Ah, ela tem 3 gavetas espa\u00e7osas para voc\u00ea guardar as roupas com organiza\u00e7\u00e3o e ainda um nicho para ter tudo sempre em f\u00e1cil acesso. Incr\u00edvel, n\u00e3o \u00e9?<\/p>\n","protected":false},"featured_media":5791,"comment_status":"open","ping_status":"closed","template":"","meta":[],"_links":{"self":[{"href":"https:\/\/ninarmoveis.com.br\/index.php?rest_route=\/wp\/v2\/product\/2201"}],"collection":[{"href":"https:\/\/ninarmoveis.com.br\/index.php?rest_route=\/wp\/v2\/product"}],"about":[{"href":"https:\/\/ninarmoveis.com.br\/index.php?rest_route=\/wp\/v2\/types\/product"}],"replies":[{"embeddable":true,"href":"https:\/\/ninarmoveis.com.br\/index.php?rest_route=%2Fwp%2Fv2%2Fcomments&post=2201"}],"wp:featuredmedia":[{"embeddable":true,"href":"https:\/\/ninarmoveis.com.br\/index.php?rest_route=\/wp\/v2\/media\/5791"}],"wp:attachment":[{"href":"https:\/\/ninarmoveis.com.br\/index.php?rest_route=%2Fwp%2Fv2%2Fmedia&parent=2201"}],"curies":[{"name":"wp","href":"https:\/\/api.w.org\/{rel}","templated":true}]}}