{"id":2206,"date":"2019-10-21T21:37:12","date_gmt":"2019-10-22T00:37:12","guid":{"rendered":"http:\/\/sonhosdeninarmoveis.com.br\/?post_type=product&#038;p=2206"},"modified":"2021-03-15T17:13:08","modified_gmt":"2021-03-15T20:13:08","slug":"guarda-roupa-joaozinho","status":"publish","type":"product","link":"https:\/\/ninarmoveis.com.br\/?product=guarda-roupa-joaozinho","title":{"rendered":"Guarda-Roupa Jo\u00e3ozinho Branco"},"content":{"rendered":"<p><strong>Guarda-Roupa Jo\u00e3ozinho<\/strong><\/p>\n<ul>\n<li>Largura: 127 cm<\/li>\n<li>Altura: 203 cm<\/li>\n<li>Altura com os p\u00e9s: 209 cm<\/li>\n<li>Profundidade: 45 cm<\/li>\n<li>Peso: 85,5 kg<\/li>\n<li><strong>Caracter\u00edsticas:<\/strong><\/li>\n<li>Material: 100%MDF<\/li>\n<li>Portas<\/li>\n<li>2 portas com detalhes em acr\u00edlico<\/li>\n<li>3 Gavetas<\/li>\n<li>Cabideiro Met\u00e1lico<\/li>\n<li>Corredi\u00e7as Telesc\u00f3picas<\/li>\n<li>Puxadores em PVC<\/li>\n<li>Pintura Mezzo com alto relevo<\/li>\n<li>Acabamento UV (At\u00f3xico)<\/li>\n<li>N\u00e3o acompanha p\u00e9s<\/li>\n<li>Cor:Branco Brilho, Branco fosco e Branco Fosco\/Mezzo Fosco<\/li>\n<\/ul>\n","protected":false},"excerpt":{"rendered":"<p>O Guarda-Roupa Jo\u00e3ozinho re\u00fane praticidade,beleza e custo-benef\u00edcio, o Guarda-Roupa possui excelente divis\u00e3o interna que facilitam o dia-a-dia e\u00a0 harmoniza bem em qualquer ambiente.<\/p>\n","protected":false},"featured_media":1586,"comment_status":"open","ping_status":"closed","template":"","meta":[],"_links":{"self":[{"href":"https:\/\/ninarmoveis.com.br\/index.php?rest_route=\/wp\/v2\/product\/2206"}],"collection":[{"href":"https:\/\/ninarmoveis.com.br\/index.php?rest_route=\/wp\/v2\/product"}],"about":[{"href":"https:\/\/ninarmoveis.com.br\/index.php?rest_route=\/wp\/v2\/types\/product"}],"replies":[{"embeddable":true,"href":"https:\/\/ninarmoveis.com.br\/index.php?rest_route=%2Fwp%2Fv2%2Fcomments&post=2206"}],"wp:featuredmedia":[{"embeddable":true,"href":"https:\/\/ninarmoveis.com.br\/index.php?rest_route=\/wp\/v2\/media\/1586"}],"wp:attachment":[{"href":"https:\/\/ninarmoveis.com.br\/index.php?rest_route=%2Fwp%2Fv2%2Fmedia&parent=2206"}],"curies":[{"name":"wp","href":"https:\/\/api.w.org\/{rel}","templated":true}]}}