{"id":2207,"date":"2019-10-21T21:39:39","date_gmt":"2019-10-22T00:39:39","guid":{"rendered":"http:\/\/sonhosdeninarmoveis.com.br\/?post_type=product&#038;p=2207"},"modified":"2022-03-05T16:34:09","modified_gmt":"2022-03-05T19:34:09","slug":"comoda-joaozinho","status":"publish","type":"product","link":"https:\/\/ninarmoveis.com.br\/?product=comoda-joaozinho","title":{"rendered":"C\u00f4moda Jo\u00e3ozinho"},"content":{"rendered":"<p><strong>C\u00f4moda Jo\u00e3ozinho<\/strong><\/p>\n<ul>\n<li>Largura: 125 cm<\/li>\n<li>Altura: 89 cm<\/li>\n<li>Altura com os p\u00e9s: 95 cm<\/li>\n<li>Profundidade:45 cm<\/li>\n<li>Peso: 61 kg<\/li>\n<li><strong>Caracter\u00edsticas:<\/strong><\/li>\n<li>Material: 100%MDF<\/li>\n<li>4 Gavetas<\/li>\n<li>1 Porta com detalhe em acr\u00edlico<\/li>\n<li>1 Prateleira interna<\/li>\n<li>Corredi\u00e7as Telesc\u00f3picas<\/li>\n<li>Puxadores de PVC<\/li>\n<li>Acabamento UV (At\u00f3xico)<\/li>\n<li>N\u00e3o acompanha p\u00e9s<\/li>\n<li>Cor:Branco Brilho, Branco fosco e Branco Fosco\/Mezzo Fosco<\/li>\n<\/ul>\n","protected":false},"excerpt":{"rendered":"<p>A C\u00f4moda Jo\u00e3ozinho re\u00fane praticidade e beleza, a C\u00f4moda possuem excelente divis\u00e3o interna que facilitam o dia-a-dia. E al\u00e9m de todo charme da C\u00f4moda jogo, que harmoniza bem em qualquer ambiente, ele ainda conta com um \u00f3timo custo-benef\u00edcio!<\/p>\n","protected":false},"featured_media":1588,"comment_status":"open","ping_status":"closed","template":"","meta":[],"_links":{"self":[{"href":"https:\/\/ninarmoveis.com.br\/index.php?rest_route=\/wp\/v2\/product\/2207"}],"collection":[{"href":"https:\/\/ninarmoveis.com.br\/index.php?rest_route=\/wp\/v2\/product"}],"about":[{"href":"https:\/\/ninarmoveis.com.br\/index.php?rest_route=\/wp\/v2\/types\/product"}],"replies":[{"embeddable":true,"href":"https:\/\/ninarmoveis.com.br\/index.php?rest_route=%2Fwp%2Fv2%2Fcomments&post=2207"}],"wp:featuredmedia":[{"embeddable":true,"href":"https:\/\/ninarmoveis.com.br\/index.php?rest_route=\/wp\/v2\/media\/1588"}],"wp:attachment":[{"href":"https:\/\/ninarmoveis.com.br\/index.php?rest_route=%2Fwp%2Fv2%2Fmedia&parent=2207"}],"curies":[{"name":"wp","href":"https:\/\/api.w.org\/{rel}","templated":true}]}}