{"id":2208,"date":"2019-10-21T21:41:53","date_gmt":"2019-10-22T00:41:53","guid":{"rendered":"http:\/\/sonhosdeninarmoveis.com.br\/?post_type=product&#038;p=2208"},"modified":"2022-03-05T16:32:26","modified_gmt":"2022-03-05T19:32:26","slug":"berco-joaozinho","status":"publish","type":"product","link":"https:\/\/ninarmoveis.com.br\/?product=berco-joaozinho","title":{"rendered":"Ber\u00e7o Jo\u00e3ozinho"},"content":{"rendered":"<p><strong>Ber\u00e7o Jo\u00e3ozinho<\/strong><\/p>\n<ul>\n<li>Largura: 151 cm<\/li>\n<li>Altura: 113 cm<\/li>\n<li>Profundidade: 75 cm<\/li>\n<li>Peso:<\/li>\n<li><strong>Caracter\u00edsticas:<\/strong><\/li>\n<li>Material:100%MDF<\/li>\n<li>Certificado pelo INMETRO<\/li>\n<li>Transforma-se em mini cama<\/li>\n<li>Padr\u00e3o Americano<\/li>\n<li>Cantos arredondados<\/li>\n<li>03 regulagens de altura do estrado<\/li>\n<li>Estrado em MDF<\/li>\n<li>Grade Fixa<\/li>\n<li>04 Rod\u00edzios, sendo 02 Rod\u00edzios com trava<\/li>\n<li>Acompanha suporte para mosquiteiro<\/li>\n<li>Colch\u00e3o Recomendado: 130 cm x 70 cm x 12 cm (Densidade: D18)<\/li>\n<li>Acabamento UV (At\u00f3xico)<\/li>\n<li>Espa\u00e7amento da grade: 5,9 cm.<\/li>\n<li>Cor:Branco Brilho, Branco fosco e Branco Fosco\/Mezzo Fosco<\/li>\n<\/ul>\n","protected":false},"excerpt":{"rendered":"<p>O ber\u00e7o Jo\u00e3ozinho re\u00fane praticidade,beleza e custo-benef\u00edcio e\u00a0 conta com regulagem de estrado super pr\u00e1tica, e ainda vira uma mini-cama que harmoniza bem em qualquer ambiente, ele ainda conta com um \u00f3timo custo-benef\u00edcio!<\/p>\n","protected":false},"featured_media":1611,"comment_status":"open","ping_status":"closed","template":"","meta":[],"_links":{"self":[{"href":"https:\/\/ninarmoveis.com.br\/index.php?rest_route=\/wp\/v2\/product\/2208"}],"collection":[{"href":"https:\/\/ninarmoveis.com.br\/index.php?rest_route=\/wp\/v2\/product"}],"about":[{"href":"https:\/\/ninarmoveis.com.br\/index.php?rest_route=\/wp\/v2\/types\/product"}],"replies":[{"embeddable":true,"href":"https:\/\/ninarmoveis.com.br\/index.php?rest_route=%2Fwp%2Fv2%2Fcomments&post=2208"}],"wp:featuredmedia":[{"embeddable":true,"href":"https:\/\/ninarmoveis.com.br\/index.php?rest_route=\/wp\/v2\/media\/1611"}],"wp:attachment":[{"href":"https:\/\/ninarmoveis.com.br\/index.php?rest_route=%2Fwp%2Fv2%2Fmedia&parent=2208"}],"curies":[{"name":"wp","href":"https:\/\/api.w.org\/{rel}","templated":true}]}}