{"id":2215,"date":"2019-10-22T10:12:35","date_gmt":"2019-10-22T13:12:35","guid":{"rendered":"http:\/\/sonhosdeninarmoveis.com.br\/?post_type=product&#038;p=2215"},"modified":"2022-03-05T16:32:13","modified_gmt":"2022-03-05T19:32:13","slug":"guarda-roupa-katatau-4-portas","status":"publish","type":"product","link":"https:\/\/ninarmoveis.com.br\/?product=guarda-roupa-katatau-4-portas","title":{"rendered":"Guarda-Roupa Katatau 4 portas Branco\/Mezzo"},"content":{"rendered":"<p><strong>Roupeiro Katatau 4 Portas<\/strong><\/p>\n<ul>\n<li>Largura: 120 cm<\/li>\n<li>Altura: 194 cm<\/li>\n<li>Profundidade: 45 cm<\/li>\n<li>peso:<\/li>\n<li><strong>Caracter\u00edsticas:<\/strong><\/li>\n<li>Material: 100%MDF<\/li>\n<li>4 Portas<\/li>\n<li>2 Gavetas<\/li>\n<li>7 Divis\u00f5es internas<\/li>\n<li>Cabideiro<\/li>\n<li>Corredi\u00e7as met\u00e1lica<\/li>\n<li>Puxadores em PVC<\/li>\n<li>6 P\u00e9s de pl\u00e1sticos<\/li>\n<li>Acabamento UV (At\u00f3xico)<\/li>\n<li>Cor: Branco Brilho\/Mezzo Fosco.<\/li>\n<\/ul>\n","protected":false},"excerpt":{"rendered":"<p>Mam\u00e3e chegou a hora de escolher os mov\u00e9is para o quarto do beb\u00ea? Para voc\u00ea que procuro qualidade e bom pre\u00e7o, preparamos esse lindo guarda-roupa Katatau com 4 portas e 2 gavetas,\u00a0 o conforto que o beb\u00ea merece e a praticidade que a mam\u00e3e vai precisar na hora de deixar todas as roupas e acess\u00f3rios do beb\u00ea organizados.<\/p>\n","protected":false},"featured_media":1599,"comment_status":"open","ping_status":"closed","template":"","meta":[],"_links":{"self":[{"href":"https:\/\/ninarmoveis.com.br\/index.php?rest_route=\/wp\/v2\/product\/2215"}],"collection":[{"href":"https:\/\/ninarmoveis.com.br\/index.php?rest_route=\/wp\/v2\/product"}],"about":[{"href":"https:\/\/ninarmoveis.com.br\/index.php?rest_route=\/wp\/v2\/types\/product"}],"replies":[{"embeddable":true,"href":"https:\/\/ninarmoveis.com.br\/index.php?rest_route=%2Fwp%2Fv2%2Fcomments&post=2215"}],"wp:featuredmedia":[{"embeddable":true,"href":"https:\/\/ninarmoveis.com.br\/index.php?rest_route=\/wp\/v2\/media\/1599"}],"wp:attachment":[{"href":"https:\/\/ninarmoveis.com.br\/index.php?rest_route=%2Fwp%2Fv2%2Fmedia&parent=2215"}],"curies":[{"name":"wp","href":"https:\/\/api.w.org\/{rel}","templated":true}]}}