{"id":2222,"date":"2019-10-22T10:36:00","date_gmt":"2019-10-22T13:36:00","guid":{"rendered":"http:\/\/sonhosdeninarmoveis.com.br\/?post_type=product&#038;p=2222"},"modified":"2022-03-05T16:30:24","modified_gmt":"2022-03-05T19:30:24","slug":"guarda-roupa-retro-theo","status":"publish","type":"product","link":"https:\/\/ninarmoveis.com.br\/?product=guarda-roupa-retro-theo","title":{"rendered":"Guarda-roupa Retr\u00f4 Theo 3 portas"},"content":{"rendered":"<p><strong>Guarda-roupa 3 portas\u00a0 Retr\u00f4 Theo<\/strong><\/p>\n<ul>\n<li>Largura: 133 cm<\/li>\n<li>Altura: 205 cm<\/li>\n<li>Profundidade: 46 cm<\/li>\n<li>Peso: 100,5 kg<\/li>\n<li><strong>Caracter\u00edsticas:<\/strong><\/li>\n<li>Material: 100%MDF<\/li>\n<li>3 Portas<\/li>\n<li>2 Gavetas<\/li>\n<li>3 Divis\u00f5es Internas<\/li>\n<li>Cabideiro Met\u00e1lico<\/li>\n<li>Corredi\u00e7as Telesc\u00f3picas<\/li>\n<li>Puxadores embutido<\/li>\n<li>Acabamento UV (At\u00f3xico)<\/li>\n<li>P\u00e9s Pontiagudos em Madeira<\/li>\n<li>Cor: Branco fosco, Branco Fosco\/Mezzo Fosco,Cinza Fosco e Cinza Fosco\/Mezzo Fosco.<\/li>\n<\/ul>\n","protected":false},"excerpt":{"rendered":"<p>O quarto de beb\u00ea que voc\u00ea procura com qualidade e bom pre\u00e7o voc\u00ea encontra aqui! Apresentamos mais esse lindo Guarda Roupa Retr\u00f4 Theo Infantil 3 Portas, , possui tudo o que voc\u00ea precisa para deixar as roupas e acess\u00f3rios do beb\u00ea sempre bem organizados com total conforto e praticidade no seu dia a dia, confira!<\/p>\n","protected":false},"featured_media":1631,"comment_status":"open","ping_status":"closed","template":"","meta":[],"_links":{"self":[{"href":"https:\/\/ninarmoveis.com.br\/index.php?rest_route=\/wp\/v2\/product\/2222"}],"collection":[{"href":"https:\/\/ninarmoveis.com.br\/index.php?rest_route=\/wp\/v2\/product"}],"about":[{"href":"https:\/\/ninarmoveis.com.br\/index.php?rest_route=\/wp\/v2\/types\/product"}],"replies":[{"embeddable":true,"href":"https:\/\/ninarmoveis.com.br\/index.php?rest_route=%2Fwp%2Fv2%2Fcomments&post=2222"}],"wp:featuredmedia":[{"embeddable":true,"href":"https:\/\/ninarmoveis.com.br\/index.php?rest_route=\/wp\/v2\/media\/1631"}],"wp:attachment":[{"href":"https:\/\/ninarmoveis.com.br\/index.php?rest_route=%2Fwp%2Fv2%2Fmedia&parent=2222"}],"curies":[{"name":"wp","href":"https:\/\/api.w.org\/{rel}","templated":true}]}}