{"id":2224,"date":"2019-10-22T10:49:46","date_gmt":"2019-10-22T13:49:46","guid":{"rendered":"http:\/\/sonhosdeninarmoveis.com.br\/?post_type=product&#038;p=2224"},"modified":"2021-03-16T16:35:13","modified_gmt":"2021-03-16T19:35:13","slug":"comoda-gaveteiro-retro-theo","status":"publish","type":"product","link":"https:\/\/ninarmoveis.com.br\/?product=comoda-gaveteiro-retro-theo","title":{"rendered":"C\u00f4moda Gaveteiro Retr\u00f4 Theo"},"content":{"rendered":"<p><strong>C\u00f4moda Gaveteiro Retr\u00f4 Theo<\/strong><\/p>\n<ul>\n<li>Largura: 91 cm<\/li>\n<li>Altura: 91 cm<\/li>\n<li>Profundidade: 46 cm<\/li>\n<li>Peso: 52,5 kg<\/li>\n<li><strong>Caracter\u00edsticas:<\/strong><\/li>\n<li>Material: 100%MDF<\/li>\n<li>3 Gavetas<\/li>\n<li>Corredi\u00e7as Telesc\u00f3picas<\/li>\n<li>Cabideiro Met\u00e1lico<\/li>\n<li>Puxadores embutido<\/li>\n<li>Acabamento UV (At\u00f3xico)<\/li>\n<li>P\u00e9s Pontiagudos em Madeira.<\/li>\n<li>Cor: Branco fosco e Branco Fosco\/Mezzo Fosco.<\/li>\n<\/ul>\n","protected":false},"excerpt":{"rendered":"<p>O quarto de beb\u00ea que voc\u00ea procura com qualidade e bom pre\u00e7o voc\u00ea encontra aqui! Apresentamos essa linda\u00a0 C\u00f4moda Gaveteiro Retr\u00f4 Theo Infantil\u00a0 , m\u00f3veis com estilo retro com amplo espa\u00e7o e \u00f3tima reparti\u00e7\u00e3o interna, possui tudo o que voc\u00ea precisa para deixar as roupas e acess\u00f3rios do beb\u00ea sempre bem organizados com total conforto e praticidade no seu dia a dia, confira!<\/p>\n","protected":false},"featured_media":1641,"comment_status":"open","ping_status":"closed","template":"","meta":[],"_links":{"self":[{"href":"https:\/\/ninarmoveis.com.br\/index.php?rest_route=\/wp\/v2\/product\/2224"}],"collection":[{"href":"https:\/\/ninarmoveis.com.br\/index.php?rest_route=\/wp\/v2\/product"}],"about":[{"href":"https:\/\/ninarmoveis.com.br\/index.php?rest_route=\/wp\/v2\/types\/product"}],"replies":[{"embeddable":true,"href":"https:\/\/ninarmoveis.com.br\/index.php?rest_route=%2Fwp%2Fv2%2Fcomments&post=2224"}],"wp:featuredmedia":[{"embeddable":true,"href":"https:\/\/ninarmoveis.com.br\/index.php?rest_route=\/wp\/v2\/media\/1641"}],"wp:attachment":[{"href":"https:\/\/ninarmoveis.com.br\/index.php?rest_route=%2Fwp%2Fv2%2Fmedia&parent=2224"}],"curies":[{"name":"wp","href":"https:\/\/api.w.org\/{rel}","templated":true}]}}