{"id":2226,"date":"2019-10-22T11:00:00","date_gmt":"2019-10-22T14:00:00","guid":{"rendered":"http:\/\/sonhosdeninarmoveis.com.br\/?post_type=product&#038;p=2226"},"modified":"2022-03-05T16:25:03","modified_gmt":"2022-03-05T19:25:03","slug":"berco-retro-theo","status":"publish","type":"product","link":"https:\/\/ninarmoveis.com.br\/?product=berco-retro-theo","title":{"rendered":"Ber\u00e7o Retr\u00f4 Theo"},"content":{"rendered":"<p><strong>Ber\u00e7o Retr\u00f4 Theo<\/strong><\/p>\n<ul>\n<li>Largura: 135 cm<\/li>\n<li>Altura: 97 cm<\/li>\n<li>Profundidade:76 cm<\/li>\n<li>Caracter\u00edsticas:<\/li>\n<li>Material: 100%MDF<\/li>\n<li>Certificado pelo INMETRO<\/li>\n<li>Transforma-se em mini cama<\/li>\n<li>Padr\u00e3o Americano<\/li>\n<li>Cantos arredondados<\/li>\n<li>3 regulagens de altura do estrado<\/li>\n<li>Estrado em MDF<\/li>\n<li>Grade Fixa<\/li>\n<li>Colch\u00e3o Recomendado: 130cm x 70cm x 12cm (Densidade: D18)<\/li>\n<li>Acabamento UV (At\u00f3xico)<\/li>\n<li>Espa\u00e7amento da grade: 5,9 cm<\/li>\n<li>P\u00e9s Pontiagudos em Madeira.<\/li>\n<li>Cor: Branco fosco, Branco Fosco\/Mezzo Fosco,Cinza Fosco e Cinza Fosco\/Mezzo Fosco.<\/li>\n<\/ul>\n","protected":false},"excerpt":{"rendered":"<p>O ber\u00e7o que voc\u00ea procura com qualidade e bom pre\u00e7o voc\u00ea encontra aqui! Apresentamos mais esse lindo Ber\u00e7o Retr\u00f4 Theo , m\u00f3veis com estilo retro com amplo espa\u00e7o e \u00f3tima reparti\u00e7\u00e3o interna, possui tudo o que voc\u00ea precisa para deixar as roupas e acess\u00f3rios do beb\u00ea sempre bem organizados com total conforto e praticidade no seu dia a dia, confira!<\/p>\n","protected":false},"featured_media":1644,"comment_status":"open","ping_status":"closed","template":"","meta":[],"_links":{"self":[{"href":"https:\/\/ninarmoveis.com.br\/index.php?rest_route=\/wp\/v2\/product\/2226"}],"collection":[{"href":"https:\/\/ninarmoveis.com.br\/index.php?rest_route=\/wp\/v2\/product"}],"about":[{"href":"https:\/\/ninarmoveis.com.br\/index.php?rest_route=\/wp\/v2\/types\/product"}],"replies":[{"embeddable":true,"href":"https:\/\/ninarmoveis.com.br\/index.php?rest_route=%2Fwp%2Fv2%2Fcomments&post=2226"}],"wp:featuredmedia":[{"embeddable":true,"href":"https:\/\/ninarmoveis.com.br\/index.php?rest_route=\/wp\/v2\/media\/1644"}],"wp:attachment":[{"href":"https:\/\/ninarmoveis.com.br\/index.php?rest_route=%2Fwp%2Fv2%2Fmedia&parent=2226"}],"curies":[{"name":"wp","href":"https:\/\/api.w.org\/{rel}","templated":true}]}}