{"id":265,"date":"2016-09-12T06:39:54","date_gmt":"2016-09-12T09:39:54","guid":{"rendered":"http:\/\/wp.ideapark.kz\/kidz\/babyshop\/?post_type=product&#038;p=265"},"modified":"2022-03-05T16:53:48","modified_gmt":"2022-03-05T19:53:48","slug":"cama-nascar","status":"publish","type":"product","link":"https:\/\/ninarmoveis.com.br\/?product=cama-nascar","title":{"rendered":"Cama Nascar"},"content":{"rendered":"<p>Altura: 67 cm<\/p>\n<ul>\n<li>Largura: 93 cm<\/li>\n<li>Profundidade: 217 cm<\/li>\n<li>Caracter\u00edsticas:<\/li>\n<li>Material: MDP<\/li>\n<li>Bordas Arredondadas em perfil PVC<\/li>\n<li>Aerof\u00f3lio Incluso<\/li>\n<li>Laterais funcionam como grades de prote\u00e7\u00e3o<\/li>\n<li>Suporta at\u00e9 120 kg sem impacto<\/li>\n<li>Utiliza colch\u00e3o de 188&#215;88 cm (Vendido separadamente)<\/li>\n<li>Cor: Branco e Preto<\/li>\n<\/ul>\n","protected":false},"excerpt":{"rendered":"<p style=\"padding-left: 40px; text-align: left;\">Um quarto moderno e bem aconchegante precisar\u00e1 de um m\u00f3vel diferenciado como essa cama Sport Car , desenvolvida para oferecer total conforto e comodidade para voc\u00ea e sua fam\u00edlia. O design \u00e9 exclusivo, ela tem um aerof\u00f3lio, suas laterais funcionam como grade de prote\u00e7\u00e3o. Al\u00e9m de seu bonito visual e cores inovadoras, que destacam a beleza do m\u00f3vel e o deixam mais atraente.<\/p>\n","protected":false},"featured_media":1834,"comment_status":"open","ping_status":"closed","template":"","meta":[],"_links":{"self":[{"href":"https:\/\/ninarmoveis.com.br\/index.php?rest_route=\/wp\/v2\/product\/265"}],"collection":[{"href":"https:\/\/ninarmoveis.com.br\/index.php?rest_route=\/wp\/v2\/product"}],"about":[{"href":"https:\/\/ninarmoveis.com.br\/index.php?rest_route=\/wp\/v2\/types\/product"}],"replies":[{"embeddable":true,"href":"https:\/\/ninarmoveis.com.br\/index.php?rest_route=%2Fwp%2Fv2%2Fcomments&post=265"}],"wp:featuredmedia":[{"embeddable":true,"href":"https:\/\/ninarmoveis.com.br\/index.php?rest_route=\/wp\/v2\/media\/1834"}],"wp:attachment":[{"href":"https:\/\/ninarmoveis.com.br\/index.php?rest_route=%2Fwp%2Fv2%2Fmedia&parent=265"}],"curies":[{"name":"wp","href":"https:\/\/api.w.org\/{rel}","templated":true}]}}