{"id":276,"date":"2016-09-12T06:47:13","date_gmt":"2016-09-12T09:47:13","guid":{"rendered":"http:\/\/wp.ideapark.kz\/kidz\/babyshop\/?post_type=product&#038;p=276"},"modified":"2022-03-05T16:52:45","modified_gmt":"2022-03-05T19:52:45","slug":"quarto-completo-bebe-retro-theo","status":"publish","type":"product","link":"https:\/\/ninarmoveis.com.br\/?product=quarto-completo-bebe-retro-theo","title":{"rendered":"Quarto completo Beb\u00ea Retr\u00f4 Theo"},"content":{"rendered":"<p><strong>Guarda-roupa 3 portas\u00a0 Retr\u00f4 Theo<\/strong><\/p>\n<ul>\n<li>Largura: 133 cm<\/li>\n<li>Altura: 205 cm<\/li>\n<li>Profundidade: 46 cm<\/li>\n<li>Peso: 100,5 kg<\/li>\n<li><strong>Caracter\u00edsticas:<\/strong><\/li>\n<li>Material: 100%MDF<\/li>\n<li>3 Portas<\/li>\n<li>2 Gavetas<\/li>\n<li>3 Divis\u00f5es Internas<\/li>\n<li>Cabideiro Met\u00e1lico<\/li>\n<li>Corredi\u00e7as Telesc\u00f3picas<\/li>\n<li>Puxadores embutido<\/li>\n<li>Acabamento UV (At\u00f3xico)<\/li>\n<li>P\u00e9s Pontiagudos em Madeira<\/li>\n<li>Cor: Branco fosco, Branco Fosco\/Mezzo Fosco,Cinza Fosco e Cinza Fosco\/Mezzo Fosco.<\/li>\n<\/ul>\n<p><strong>C\u00f4moda Retr\u00f4 Theo<\/strong><\/p>\n<ul>\n<li>Largura: 133 cm<\/li>\n<li>Altura: 91c m<\/li>\n<li>Profundidade: 46 cm<\/li>\n<li>Peso: 56,6 kg<\/li>\n<li><strong>Caracter\u00edsticas:<\/strong><\/li>\n<li>Material: 100% MDF<\/li>\n<li>3 Gavetas<\/li>\n<li>1 Porta lisa<\/li>\n<li>1 Prateleira interna<\/li>\n<li>Corredi\u00e7as Telesc\u00f3picas<\/li>\n<li>Cabideiro Met\u00e1lico<\/li>\n<li>Puxadores embutido<\/li>\n<li>Acabamento UV (At\u00f3xico)<\/li>\n<li>P\u00e9s Pontiagudos em Madeira.<\/li>\n<li>Cor: Branco fosco, Branco Fosco\/Mezzo Fosco,Cinza Fosco e Cinza Fosco\/Mezzo Fosco.<\/li>\n<\/ul>\n<p><strong>Ber\u00e7o Retr\u00f4 Theo<\/strong><\/p>\n<ul>\n<li>Largura: 135 cm<\/li>\n<li>Altura: 97 cm<\/li>\n<li>Profundidade:76 cm<\/li>\n<li>Peso; 52,5 kg<\/li>\n<li><strong>Caracter\u00edsticas:<\/strong><\/li>\n<li>Material: 100%MDF<\/li>\n<li>Certificado pelo INMETRO<\/li>\n<li>Transforma-se em mini cama<\/li>\n<li>Padr\u00e3o Americano<\/li>\n<li>Cantos arredondados<\/li>\n<li>3 regulagens de altura do estrado<\/li>\n<li>Estrado em MDF<\/li>\n<li>Grade Fixa<\/li>\n<li>Colch\u00e3o Recomendado: 130cm x 70cm<\/li>\n<li>Acabamento UV (At\u00f3xico)<\/li>\n<li>Espa\u00e7amento da grade: 5,9 cm<\/li>\n<li>P\u00e9s Pontiagudos em Madeira.<\/li>\n<li>Cor: Branco fosco, Branco Fosco\/Mezzo Fosco,Cinza Fosco e Cinza Fosco\/Mezzo Fosco.<\/li>\n<\/ul>\n","protected":false},"excerpt":{"rendered":"<p>O quarto de beb\u00ea que voc\u00ea procura com qualidade e bom pre\u00e7o voc\u00ea encontra aqui! Apresentamos mais essa linda op\u00e7\u00e3o de Quarto de Beb\u00ea Theo com Guarda Roupa Infantil 3 Portas, C\u00f4moda Infantil e Ber\u00e7o , m\u00f3veis com estilo retro com amplo espa\u00e7o e \u00f3tima reparti\u00e7\u00e3o interna, possui tudo o que voc\u00ea precisa para deixar as roupas e acess\u00f3rios do beb\u00ea sempre bem organizados com total conforto e praticidade no seu dia a dia, confira!<\/p>\n","protected":false},"featured_media":1628,"comment_status":"open","ping_status":"closed","template":"","meta":[],"_links":{"self":[{"href":"https:\/\/ninarmoveis.com.br\/index.php?rest_route=\/wp\/v2\/product\/276"}],"collection":[{"href":"https:\/\/ninarmoveis.com.br\/index.php?rest_route=\/wp\/v2\/product"}],"about":[{"href":"https:\/\/ninarmoveis.com.br\/index.php?rest_route=\/wp\/v2\/types\/product"}],"replies":[{"embeddable":true,"href":"https:\/\/ninarmoveis.com.br\/index.php?rest_route=%2Fwp%2Fv2%2Fcomments&post=276"}],"wp:featuredmedia":[{"embeddable":true,"href":"https:\/\/ninarmoveis.com.br\/index.php?rest_route=\/wp\/v2\/media\/1628"}],"wp:attachment":[{"href":"https:\/\/ninarmoveis.com.br\/index.php?rest_route=%2Fwp%2Fv2%2Fmedia&parent=276"}],"curies":[{"name":"wp","href":"https:\/\/api.w.org\/{rel}","templated":true}]}}