{"id":280,"date":"2016-09-12T06:49:19","date_gmt":"2016-09-12T09:49:19","guid":{"rendered":"http:\/\/wp.ideapark.kz\/kidz\/babyshop\/?post_type=product&#038;p=280"},"modified":"2022-03-21T17:11:27","modified_gmt":"2022-03-21T20:11:27","slug":"quarto-completo-bebe-joaozinho","status":"publish","type":"product","link":"https:\/\/ninarmoveis.com.br\/?product=quarto-completo-bebe-joaozinho","title":{"rendered":"Quarto Completo beb\u00ea Jo\u00e3ozinho"},"content":{"rendered":"<p><strong>Guarda-roupa Jo\u00e3ozinho<\/strong><br \/>\n<strong>Medidas<\/strong><\/p>\n<ul>\n<li>Largura: 127 cm<\/li>\n<li>Altura: 203 cm<\/li>\n<li>Altura com os p\u00e9s: 209 cm<\/li>\n<li>Profundidade: 45 cm<\/li>\n<li>Caracter\u00edsticas:<\/li>\n<li>Material: 100%MDF<\/li>\n<li>Portas<\/li>\n<li>2 portas com detalhes em acr\u00edlico<\/li>\n<li>3 Gavetas<\/li>\n<li>Cabideiro Met\u00e1lico<\/li>\n<li>Corredi\u00e7as Telesc\u00f3picas<\/li>\n<li>Puxadores em PVC<\/li>\n<li>Pintura Mezzo com alto relevo<\/li>\n<li>Acabamento UV (At\u00f3xico)<\/li>\n<li>N\u00e3o acompanha p\u00e9s<\/li>\n<li>Cor:Branco Brilho, Branco fosco e Branco Fosco\/Mezzo Fosco<\/li>\n<\/ul>\n<p><strong>C\u00f4moda Jo\u00e3ozinho<\/strong><\/p>\n<ul>\n<li>Largura: 125 cm<\/li>\n<li>Altura: 89 cm<\/li>\n<li>-Altura com os p\u00e9s: 95 cm<\/li>\n<li>Profundidade:45 cm<\/li>\n<li>Caracter\u00edsticas:<\/li>\n<li>Material: 100%MDF<\/li>\n<li>4 Gavetas<\/li>\n<li>1 Porta com detalhe em acr\u00edlico<\/li>\n<li>1 Prateleira interna<\/li>\n<li>Corredi\u00e7as Telesc\u00f3picas<\/li>\n<li>Puxadores de PVC<\/li>\n<li>Acabamento UV (At\u00f3xico)<\/li>\n<li>N\u00e3o acompanha p\u00e9s<\/li>\n<li>Cor:Branco Brilho, Branco fosco e Branco Fosco\/Mezzo Fosco<\/li>\n<\/ul>\n<p><strong>Ber\u00e7o Jo\u00e3ozinho<\/strong><\/p>\n<ul>\n<li>Largura: 151 cm<\/li>\n<li>Altura: 113 cm<\/li>\n<li>Profundidade: 75 cm<\/li>\n<li>Caracter\u00edsticas:<\/li>\n<li>Material:100%MDF<\/li>\n<li>Certificado pelo INMETRO<\/li>\n<li>Transforma-se em mini cama<\/li>\n<li>Padr\u00e3o Americano<\/li>\n<li>Cantos arredondados<\/li>\n<li>03 regulagens de altura do estrado<\/li>\n<li>Estrado em MDF<\/li>\n<li>Grade Fixa<\/li>\n<li>04 Rod\u00edzios, sendo 02 Rod\u00edzios com trava<\/li>\n<li>Acompanha suporte para mosquiteiro<\/li>\n<li>Colch\u00e3o Recomendado: 130cm x 70cm x 12cm (Densidade: D18)<\/li>\n<li>Acabamento UV (At\u00f3xico)<\/li>\n<li>Espa\u00e7amento da grade: 5,9 cm.<\/li>\n<li>Cor:Branco Brilho, Branco fosco e Branco Fosco\/Mezzo Fosco<\/li>\n<\/ul>\n","protected":false},"excerpt":{"rendered":"<p>O jogo de quarto Jo\u00e3ozinho re\u00fane praticidade,beleza e custo-benef\u00edcio! O ber\u00e7o do jogo conta com regulagem de estrado super pr\u00e1tica, e ainda vira uma mini-cama. Seu roupeiro e c\u00f4moda possuem excelente divis\u00e3o interna que facilitam o dia-a-dia. E al\u00e9m de todo charme do jogo, que harmoniza bem em qualquer ambiente, ele ainda conta com um \u00f3timo custo-benef\u00edcio!<\/p>\n","protected":false},"featured_media":1611,"comment_status":"open","ping_status":"closed","template":"","meta":[],"_links":{"self":[{"href":"https:\/\/ninarmoveis.com.br\/index.php?rest_route=\/wp\/v2\/product\/280"}],"collection":[{"href":"https:\/\/ninarmoveis.com.br\/index.php?rest_route=\/wp\/v2\/product"}],"about":[{"href":"https:\/\/ninarmoveis.com.br\/index.php?rest_route=\/wp\/v2\/types\/product"}],"replies":[{"embeddable":true,"href":"https:\/\/ninarmoveis.com.br\/index.php?rest_route=%2Fwp%2Fv2%2Fcomments&post=280"}],"wp:featuredmedia":[{"embeddable":true,"href":"https:\/\/ninarmoveis.com.br\/index.php?rest_route=\/wp\/v2\/media\/1611"}],"wp:attachment":[{"href":"https:\/\/ninarmoveis.com.br\/index.php?rest_route=%2Fwp%2Fv2%2Fmedia&parent=280"}],"curies":[{"name":"wp","href":"https:\/\/api.w.org\/{rel}","templated":true}]}}