{"id":284,"date":"2016-09-12T06:51:36","date_gmt":"2016-09-12T09:51:36","guid":{"rendered":"http:\/\/wp.ideapark.kz\/kidz\/babyshop\/?post_type=product&#038;p=284"},"modified":"2020-09-30T18:28:15","modified_gmt":"2020-09-30T21:28:15","slug":"estante-twister","status":"publish","type":"product","link":"https:\/\/ninarmoveis.com.br\/?product=estante-twister","title":{"rendered":"Estante Twister"},"content":{"rendered":"<p><strong>Descri\u00e7\u00e3o do Tamanho<\/strong><\/p>\n<ul>\n<li>Altura do Produto (cm): 145<\/li>\n<li>Largura do Produto (cm):91<\/li>\n<li>Comprimento do Produto (cm):32<\/li>\n<li>Peso do Produto (Kg):28.690<\/li>\n<\/ul>\n<p><strong>Necessita Montagem?<\/strong><\/p>\n<ul>\n<li>Sim, sugerimos a contrata\u00e7\u00e3o do nosso servi\u00e7o de montagem (para os CEPs em que o servi\u00e7o est\u00e1 dispon\u00edvel) ou de algum profissional experiente de sua prefer\u00eancia<\/li>\n<li>N\u00famero de portas=Sem portas<\/li>\n<li>N\u00famero de gavetas=Sem gavetas<\/li>\n<li>Cores: Amarelo e Carmin<\/li>\n<\/ul>\n","protected":false},"excerpt":{"rendered":"<p>Que tal a Estante Twister ?Se voc\u00ea curte m\u00f3veis descolados, a Estante Twister vai ficar perfeita na sua casa. A estrutura diferenciada \u00e9 \u00f3tima para criar um ambiente descontra\u00eddo, moderno e de muito bom gosto. Consegue imaginar a sua decora\u00e7\u00e3o com todas essas caracter\u00edsticas? A Estante Twister\u00a0 se adapta a qualquer c\u00f4modo: sua sala de estar, quarto, escrit\u00f3rio e no cantinho de leitura. Qual voc\u00ea vai escolher?<\/p>\n","protected":false},"featured_media":1824,"comment_status":"open","ping_status":"closed","template":"","meta":[],"_links":{"self":[{"href":"https:\/\/ninarmoveis.com.br\/index.php?rest_route=\/wp\/v2\/product\/284"}],"collection":[{"href":"https:\/\/ninarmoveis.com.br\/index.php?rest_route=\/wp\/v2\/product"}],"about":[{"href":"https:\/\/ninarmoveis.com.br\/index.php?rest_route=\/wp\/v2\/types\/product"}],"replies":[{"embeddable":true,"href":"https:\/\/ninarmoveis.com.br\/index.php?rest_route=%2Fwp%2Fv2%2Fcomments&post=284"}],"wp:featuredmedia":[{"embeddable":true,"href":"https:\/\/ninarmoveis.com.br\/index.php?rest_route=\/wp\/v2\/media\/1824"}],"wp:attachment":[{"href":"https:\/\/ninarmoveis.com.br\/index.php?rest_route=%2Fwp%2Fv2%2Fmedia&parent=284"}],"curies":[{"name":"wp","href":"https:\/\/api.w.org\/{rel}","templated":true}]}}