{"id":288,"date":"2016-09-12T06:55:01","date_gmt":"2016-09-12T09:55:01","guid":{"rendered":"http:\/\/wp.ideapark.kz\/kidz\/babyshop\/?post_type=product&#038;p=288"},"modified":"2023-05-16T18:51:13","modified_gmt":"2023-05-16T21:51:13","slug":"quarto-completo-bebe-sonic","status":"publish","type":"product","link":"https:\/\/ninarmoveis.com.br\/?product=quarto-completo-bebe-sonic","title":{"rendered":"Quarto completo Beb\u00ea Sonic"},"content":{"rendered":"<p><strong>Guarda-roupa 4 portas Sonic<\/strong><\/p>\n<ul>\n<li>Altura:180 cm\/186 cm (COM P\u00c9S)<\/li>\n<li>Largura:121 cm<\/li>\n<li>Profundidade: 41 cm<\/li>\n<li>Peso: 73,46 kg<\/li>\n<li>Material: 100% MDF<\/li>\n<li>Corredi\u00e7as Met\u00e1licas<\/li>\n<li>Cabideiro em alum\u00ednio<\/li>\n<li>Puxadores em PVC<\/li>\n<li>Fundo de gaveta encaixado<\/li>\n<li>N\u00e3o acompanha p\u00e9s<\/li>\n<li>Cores: Banco e Imbuia Rustic\/Branco.<\/li>\n<\/ul>\n<p><strong>C\u00f4moda Gaveteiro Lunna<\/strong><\/p>\n<ul>\n<li>Altura: 91 cm\/96 cm (COM P\u00c9S)<\/li>\n<li>Largura: 91 cm<\/li>\n<li>Profundidade: 43 cm<\/li>\n<li>Peso: 34,1 kg<\/li>\n<li>Material: 100% MDF<\/li>\n<li>Corredi\u00e7as Metalicas<\/li>\n<li>Puxadores em PVC<\/li>\n<li>Tampo em MDF 18 mm com borda em PVC<\/li>\n<li>N\u00e3o acompanha p\u00e9s<\/li>\n<li>Cores: branco e Imbuia Rustic\/Branco.<\/li>\n<\/ul>\n<p><strong>Ber\u00e7o Sof\u00e1 Mini Cama Sonetto<\/strong><\/p>\n<ul>\n<li>Altura: 110 cm<\/li>\n<li>Largura: 133 cm<\/li>\n<li>Profundidade: 76 cm<\/li>\n<li>peso: 36 kg<\/li>\n<li>Produto Certificado<\/li>\n<li>Material:<\/li>\n<li>Pain\u00e9is em MDF revestido em PVC<\/li>\n<li>Grade de Madeira revestida em PET<\/li>\n<li>Estrado de PINUS e MDF<\/li>\n<li>Rod\u00edzios em PVC<\/li>\n<li>Op\u00e7\u00e3o de montagem: Ber\u00e7o, Sof\u00e1 e Mini cama.<\/li>\n<li>Cores: Branco e Imbuia Rustic\/Neve.<\/li>\n<li>Colch\u00e3o Recomendado: 130cm x 70cm<\/li>\n<\/ul>\n","protected":false},"excerpt":{"rendered":"<p>O quarto de um beb\u00ea \u00e9 um ambiente muito especial, e por isso \u00e9 planejado e organizado pelas mam\u00e3es muito antes da chegada de um beb\u00ea. Esse ambiente deve ser seguro e confort\u00e1vel, al\u00e9m de ter itens que os torne pr\u00e1tico e facilite na organiza\u00e7\u00e3o do local. O Dormit\u00f3rio Sonic , \u00e9 perfeito para isso. Todos os produtos s\u00e3o compostos de mat\u00e9ria prima de qualidade. Proporcione esse bem estar e beleza para seu futuro amor!<\/p>\n<p>&nbsp;<\/p>\n","protected":false},"featured_media":1562,"comment_status":"open","ping_status":"closed","template":"","meta":[],"_links":{"self":[{"href":"https:\/\/ninarmoveis.com.br\/index.php?rest_route=\/wp\/v2\/product\/288"}],"collection":[{"href":"https:\/\/ninarmoveis.com.br\/index.php?rest_route=\/wp\/v2\/product"}],"about":[{"href":"https:\/\/ninarmoveis.com.br\/index.php?rest_route=\/wp\/v2\/types\/product"}],"replies":[{"embeddable":true,"href":"https:\/\/ninarmoveis.com.br\/index.php?rest_route=%2Fwp%2Fv2%2Fcomments&post=288"}],"wp:featuredmedia":[{"embeddable":true,"href":"https:\/\/ninarmoveis.com.br\/index.php?rest_route=\/wp\/v2\/media\/1562"}],"wp:attachment":[{"href":"https:\/\/ninarmoveis.com.br\/index.php?rest_route=%2Fwp%2Fv2%2Fmedia&parent=288"}],"curies":[{"name":"wp","href":"https:\/\/api.w.org\/{rel}","templated":true}]}}