{"id":292,"date":"2016-09-12T07:03:04","date_gmt":"2016-09-12T10:03:04","guid":{"rendered":"http:\/\/wp.ideapark.kz\/kidz\/babyshop\/?post_type=product&#038;p=292"},"modified":"2022-03-05T16:48:03","modified_gmt":"2022-03-05T19:48:03","slug":"nicho-organizador","status":"publish","type":"product","link":"https:\/\/ninarmoveis.com.br\/?product=nicho-organizador","title":{"rendered":"Nicho Organizador 3 gavetas Branco\/Laranja"},"content":{"rendered":"<ul>\n<li>Confeccionado Em Mdp E Mdf De 15mm<\/li>\n<li>Acabamento Em Pintura Uv<\/li>\n<li>6 Nichos Internos Com Amplo Espa\u00e7o<\/li>\n<li>3 Gavetas<\/li>\n<li>Comporta V\u00e1rios Objetos<\/li>\n<li>Pode Ser Utilizado Para Ambiente De Escrit\u00f3rio E Quarto Infantil<\/li>\n<li>4 Rod\u00edzios<\/li>\n<li>Largura: 108 cm<\/li>\n<li>Altura: 83 cm<\/li>\n<li>Profundidade: 33,5 cm<\/li>\n<li>Peso: 27 Kg<\/li>\n<li>Volume(S) P\/ Transporte: 2<\/li>\n<li>Aten\u00e7\u00e3o: O Produto Ser\u00e1 Entregue Desmontado<\/li>\n<li>\u00c9 De Responsabilidade Do Cliente: Montagem, Instala\u00e7\u00e3o, Custos De Transporte Por Escadas\/Elevadores, Guincho Ou I\u00e7amento Assim Como Poss\u00edveis Avarias Provenientes De Manuseio Inadequado<\/li>\n<\/ul>\n","protected":false},"excerpt":{"rendered":"<p>Com linhas retas e design contempor\u00e2neo, O Nicho Organizador Qmovi \u00e9 composto por 6 nichos internos e 3 gavetas para organiza\u00e7\u00e3o e distribui\u00e7\u00e3o de seus objetos. Ideal para compor com a decora\u00e7\u00e3o de diversos c\u00f4modos, levando funcionalidade e praticidade ao seu espa\u00e7o. Produzido em MDP E MDF De 15mm, material conhecido por sua alta qualidade e durabilidade, acabamento em pintura U.V. Detalhe Que proporciona delicadeza e eleg\u00e2ncia ao m\u00f3vel. Surpreenda-se com design, inova\u00e7\u00e3o, beleza e durabilidade. Decore a sua casa com bom gosto com esse produto que foi desenvolvido exclusivamente para voc\u00ea!<\/p>\n","protected":false},"featured_media":1829,"comment_status":"open","ping_status":"closed","template":"","meta":[],"_links":{"self":[{"href":"https:\/\/ninarmoveis.com.br\/index.php?rest_route=\/wp\/v2\/product\/292"}],"collection":[{"href":"https:\/\/ninarmoveis.com.br\/index.php?rest_route=\/wp\/v2\/product"}],"about":[{"href":"https:\/\/ninarmoveis.com.br\/index.php?rest_route=\/wp\/v2\/types\/product"}],"replies":[{"embeddable":true,"href":"https:\/\/ninarmoveis.com.br\/index.php?rest_route=%2Fwp%2Fv2%2Fcomments&post=292"}],"wp:featuredmedia":[{"embeddable":true,"href":"https:\/\/ninarmoveis.com.br\/index.php?rest_route=\/wp\/v2\/media\/1829"}],"wp:attachment":[{"href":"https:\/\/ninarmoveis.com.br\/index.php?rest_route=%2Fwp%2Fv2%2Fmedia&parent=292"}],"curies":[{"name":"wp","href":"https:\/\/api.w.org\/{rel}","templated":true}]}}