{"id":298,"date":"2019-02-05T01:00:02","date_gmt":"2019-02-05T03:00:02","guid":{"rendered":"http:\/\/wp.ideapark.kz\/kidz\/babyshop\/?post_type=product&#038;p=298"},"modified":"2022-03-05T16:37:14","modified_gmt":"2022-03-05T19:37:14","slug":"comoda-sapateira-olivia","status":"publish","type":"product","link":"https:\/\/ninarmoveis.com.br\/?product=comoda-sapateira-olivia","title":{"rendered":"C\u00f4moda Sapateira Olivia"},"content":{"rendered":"<p><strong>INFORMA\u00c7\u00d5ES<\/strong><\/p>\n<ul>\n<li>Dispon\u00edvel nas cores Nany (Azul Marinho), Ros\u00ea e Cinza Gianduai.<\/li>\n<li>Medidas: Altura: 95,3 cm<\/li>\n<li>Largura: 133,5 cm<\/li>\n<li>Profundidade: 52,5 cm<\/li>\n<li>Acabamento: acetinado<\/li>\n<li>03 gavetas, 01 porta<\/li>\n<li>Gavetas com corredi\u00e7as telesc\u00f3picas<\/li>\n<li>Puxador Escavado<\/li>\n<li>P\u00e9s em madeira (pode apresentar pequenas imperfei\u00e7\u00f5es, devido \u00e0s caracter\u00edsticas naturais da mat\u00e9ria-prima)<\/li>\n<li>Incluso kit anti-tombamento<\/li>\n<li id=\"u496193-2\">C\u00f4moda com porta<\/li>\n<li id=\"u496193-6\">Dispon\u00edvel com acabamento em branco ou cores.<\/li>\n<li>Ind\u00fastria Brasileira<\/li>\n<\/ul>\n<p id=\"u496193-11\"><strong><span id=\"u496193-8\">DIFERENCIAIS<\/span><\/strong><\/p>\n<ul>\n<li>P\u00e9s em madeira na mesma tonalidade das linhas: Confort, Nordic e Montessori<\/li>\n<li id=\"u496193-13\">Acabamento fino liso<\/li>\n<li id=\"u496193-15\">Incluso kit anti-tombamento<\/li>\n<li id=\"u496193-17\">Durabilidade e Qualidade Puppi Mobile!<\/li>\n<li id=\"u496193-19\">Produ\u00e7\u00e3o sustent\u00e1vel<\/li>\n<\/ul>\n","protected":false},"excerpt":{"rendered":"<p>Todo o charme e sofistica\u00e7\u00e3o da tend\u00eancia Retr\u00f4, agora para o quartinho do pequeno! A linha Ol\u00edvia conta com acabamentos e material da mais alta qualidade, proporcionando maior durabilidade e integridade aos m\u00f3veis .<\/p>\n","protected":false},"featured_media":1837,"comment_status":"open","ping_status":"closed","template":"","meta":[],"_links":{"self":[{"href":"https:\/\/ninarmoveis.com.br\/index.php?rest_route=\/wp\/v2\/product\/298"}],"collection":[{"href":"https:\/\/ninarmoveis.com.br\/index.php?rest_route=\/wp\/v2\/product"}],"about":[{"href":"https:\/\/ninarmoveis.com.br\/index.php?rest_route=\/wp\/v2\/types\/product"}],"replies":[{"embeddable":true,"href":"https:\/\/ninarmoveis.com.br\/index.php?rest_route=%2Fwp%2Fv2%2Fcomments&post=298"}],"wp:featuredmedia":[{"embeddable":true,"href":"https:\/\/ninarmoveis.com.br\/index.php?rest_route=\/wp\/v2\/media\/1837"}],"wp:attachment":[{"href":"https:\/\/ninarmoveis.com.br\/index.php?rest_route=%2Fwp%2Fv2%2Fmedia&parent=298"}],"curies":[{"name":"wp","href":"https:\/\/api.w.org\/{rel}","templated":true}]}}