{"id":334,"date":"2019-02-05T01:00:02","date_gmt":"2019-02-05T03:00:02","guid":{"rendered":"http:\/\/wp.ideapark.kz\/kidz\/babyshop\/?post_type=product&#038;p=334"},"modified":"2020-08-29T12:51:27","modified_gmt":"2020-08-29T15:51:27","slug":"guarda-roupa-prince","status":"publish","type":"product","link":"https:\/\/ninarmoveis.com.br\/?product=guarda-roupa-prince","title":{"rendered":"Guarda-roupa Prince"},"content":{"rendered":"<ul>\n<li>Dispon\u00edvel\u00a0 nas cores: Branco Fosco e Branco Fosco\/Mezzo Fosco<\/li>\n<li>Medidas<\/li>\n<li>Largura: 160 cm<\/li>\n<li>Altura: 213 cm<\/li>\n<li>Profundidade: 52 c m<\/li>\n<li>Peso: 128,5 kg<\/li>\n<li><strong>Principais Caracter\u00edsticas<\/strong><\/li>\n<li>02 Portas;<\/li>\n<li>03 Gavetas;<\/li>\n<li>07 Divis\u00f5es Internas;<\/li>\n<li>Cabideiro Met\u00e1lico;<\/li>\n<li>Corredi\u00e7as Telesc\u00f3picas;<\/li>\n<li>Puxadores em alum\u00ednio;<\/li>\n<li>Maior Organiza\u00e7\u00e3o, espa\u00e7o e praticidade;<\/li>\n<li>Sistema de trilhos diferenciado para as portas;<\/li>\n<li>Acabamento UV (At\u00f3xico).<\/li>\n<\/ul>\n","protected":false},"excerpt":{"rendered":"<p>Guarda Roupa Infantil Prince 2 Portas Branco Acetinado<br \/>\nEst\u00e1 na hora de escolher os m\u00f3veis para a chegada do beb\u00ea?\u00a0 Nesse momento de tamanha import\u00e2ncia apresentamos mais este lindo modelo de guarda roupa infantil com 2 portas, linha prince, fabricado pela Reller M\u00f3veis Infantis apresenta tudo o que voc\u00ea vai precisar para deixar roupas e acess\u00f3rios do beb\u00ea organizados, confira todas as caracter\u00edsticas:<strong>\u00a0<\/strong><\/p>\n","protected":false},"featured_media":1545,"comment_status":"open","ping_status":"closed","template":"","meta":[],"_links":{"self":[{"href":"https:\/\/ninarmoveis.com.br\/index.php?rest_route=\/wp\/v2\/product\/334"}],"collection":[{"href":"https:\/\/ninarmoveis.com.br\/index.php?rest_route=\/wp\/v2\/product"}],"about":[{"href":"https:\/\/ninarmoveis.com.br\/index.php?rest_route=\/wp\/v2\/types\/product"}],"replies":[{"embeddable":true,"href":"https:\/\/ninarmoveis.com.br\/index.php?rest_route=%2Fwp%2Fv2%2Fcomments&post=334"}],"wp:featuredmedia":[{"embeddable":true,"href":"https:\/\/ninarmoveis.com.br\/index.php?rest_route=\/wp\/v2\/media\/1545"}],"wp:attachment":[{"href":"https:\/\/ninarmoveis.com.br\/index.php?rest_route=%2Fwp%2Fv2%2Fmedia&parent=334"}],"curies":[{"name":"wp","href":"https:\/\/api.w.org\/{rel}","templated":true}]}}