{"id":372,"date":"2019-02-05T01:00:02","date_gmt":"2019-02-05T03:00:02","guid":{"rendered":"http:\/\/wp.ideapark.kz\/kidz\/babyshop\/?post_type=product&#038;p=372"},"modified":"2022-03-05T16:39:08","modified_gmt":"2022-03-05T19:39:08","slug":"bombe-charlote","status":"publish","type":"product","link":"https:\/\/ninarmoveis.com.br\/?product=bombe-charlote","title":{"rendered":"Bomb\u00ea Victoria &#8211; Imaza Baby &#8211; Branco \/ Wood"},"content":{"rendered":"<p><strong>Dimens\u00f5es do Produto Montado:<\/strong><\/p>\n<ul>\n<li>Altura: 87 cm<\/li>\n<li>Largura: 90 cm<\/li>\n<li style=\"text-align: left;\">Profundidade: 47 cm<\/li>\n<li>Peso: 26,4 cm<\/li>\n<\/ul>\n<p><strong>Observa\u00e7\u00f5es:<\/strong><\/p>\n<ul>\n<li>Fabricado em MDF\/Madeira<\/li>\n<li>Corredi\u00e7a telesc\u00f3picas;<\/li>\n<li>Puxadores em a\u00e7o;<\/li>\n<li>Pintura ultravioleta com acabamento <strong>Acetinado<\/strong>.<\/li>\n<\/ul>\n","protected":false},"excerpt":{"rendered":"<p><b>Bomb\u00ea Victoria-Imaza M\u00f3veis<\/b><\/p>\n<p>Um charme na decora\u00e7\u00e3o do quartinho do beb\u00ea! A delicadeza do estilo Rococ\u00f3! A c\u00f4moda Bomb\u00ea faz parte do estilo Lu\u00eds XV, com detalhes arredondados que combinam perfeitamente com o estilo vintage e contempor\u00e2neo. No quartinho infantil s\u00e3o perfeitos para guardar a roupa de cama, roupinhas e outros objetos do dia a dia da crian\u00e7a. O toque que faltava para um quartinho especial. Decore com abajures, brinquedos de pel\u00facia e outros artigos infantis. A pintura \u00e9 em ultravioleta at\u00f3xica para garantir a vida \u00fatil da pe\u00e7a com acabamento acetinado. As gavetas possuem corredi\u00e7as telesc\u00f3picas e puxadores de a\u00e7o. Feitos em MDF de alto acabamento para maior durabilidade da pe\u00e7a.<\/p>\n<p>Imagem meramente ilustrativa. Produto refere-se somente a Bomb\u00ea Victoria-Imaza M\u00f3veis<\/p>\n<p>&nbsp;<\/p>\n","protected":false},"featured_media":7793,"comment_status":"open","ping_status":"closed","template":"","meta":[],"_links":{"self":[{"href":"https:\/\/ninarmoveis.com.br\/index.php?rest_route=\/wp\/v2\/product\/372"}],"collection":[{"href":"https:\/\/ninarmoveis.com.br\/index.php?rest_route=\/wp\/v2\/product"}],"about":[{"href":"https:\/\/ninarmoveis.com.br\/index.php?rest_route=\/wp\/v2\/types\/product"}],"replies":[{"embeddable":true,"href":"https:\/\/ninarmoveis.com.br\/index.php?rest_route=%2Fwp%2Fv2%2Fcomments&post=372"}],"wp:featuredmedia":[{"embeddable":true,"href":"https:\/\/ninarmoveis.com.br\/index.php?rest_route=\/wp\/v2\/media\/7793"}],"wp:attachment":[{"href":"https:\/\/ninarmoveis.com.br\/index.php?rest_route=%2Fwp%2Fv2%2Fmedia&parent=372"}],"curies":[{"name":"wp","href":"https:\/\/api.w.org\/{rel}","templated":true}]}}