{"id":396,"date":"2019-02-05T01:00:02","date_gmt":"2019-02-05T03:00:02","guid":{"rendered":"http:\/\/wp.ideapark.kz\/kidz\/babyshop\/?post_type=product&#038;p=396"},"modified":"2021-10-07T14:10:05","modified_gmt":"2021-10-07T17:10:05","slug":"mesa-de-apoio-prince","status":"publish","type":"product","link":"https:\/\/ninarmoveis.com.br\/?product=mesa-de-apoio-prince","title":{"rendered":"Mesa de Apoio Prince"},"content":{"rendered":"<p style=\"text-align: left;\"><strong>ESPECIFICA\u00c7\u00d5ES:<\/strong><br \/>\n<strong>\u2022<\/strong>\u00a0Material MDF<br \/>\n<strong>\u2022\u00a0<\/strong>Tampo redondo<br \/>\n<strong>\u2022\u00a0<\/strong>Detalhes em madeira<br \/>\n<strong>\u2022\u00a0<\/strong>Lindo Design<br \/>\n<strong>\u2022\u00a0<\/strong>Acabamento UV (At\u00f3xico);<\/p>\n<p><strong>Dimens\u00f5es:<\/strong><\/p>\n<ul>\n<li>Tamanho do Produto ( L x A x P ) 48 x 65 x 0 cm<\/li>\n<\/ul>\n<p><strong>Garantia:<\/strong>\u00a03 meses<\/p>\n<p><strong>Volumes:<\/strong>\u00a02\u00a0Volumes<\/p>\n<p><strong>Montagem:\u00a0<\/strong>O Produto vai desmontado com manual e todos acess\u00f3rios. Recomendamos que a montagem seja feita por um profissional.<\/p>\n<p><strong>Observa\u00e7\u00f5es:<\/strong><\/p>\n<ul>\n<li>As imagens s\u00e3o ilustrativas, n\u00e3o acompanham objetos de decora\u00e7\u00e3o<\/li>\n<li>A montagem ser\u00e1 de responsabilidade do comprador. N\u00e3o nos responsabilizamos, no ato da entrega, por subir escadas\/elevadores ou transporte por guincho em apartamentos. Eventuais despesas s\u00e3o de responsabilidade do comprador.<\/li>\n<li>Confira as dimens\u00f5es do produto e certifique-se de que passar\u00e1 normalmente por supostos elevadores, portas, escadas e\/ou corredores de sua resid\u00eancia.<br \/>\nPara mais informa\u00e7\u00f5es, acesse nossa Central de Atendimento.<\/li>\n<\/ul>\n","protected":false},"excerpt":{"rendered":"<p>Se voc\u00ea est\u00e1 procurando uma mesa de apoio com design diferenciado para completar a decora\u00e7\u00e3o do ambiente, aqui voc\u00ea encontra a Mesa Prince! Mesa com design arrojado e vers\u00e1til que possibilita ser usada em v\u00e1rios ambientes.<\/p>\n","protected":false},"featured_media":1554,"comment_status":"open","ping_status":"closed","template":"","meta":[],"_links":{"self":[{"href":"https:\/\/ninarmoveis.com.br\/index.php?rest_route=\/wp\/v2\/product\/396"}],"collection":[{"href":"https:\/\/ninarmoveis.com.br\/index.php?rest_route=\/wp\/v2\/product"}],"about":[{"href":"https:\/\/ninarmoveis.com.br\/index.php?rest_route=\/wp\/v2\/types\/product"}],"replies":[{"embeddable":true,"href":"https:\/\/ninarmoveis.com.br\/index.php?rest_route=%2Fwp%2Fv2%2Fcomments&post=396"}],"wp:featuredmedia":[{"embeddable":true,"href":"https:\/\/ninarmoveis.com.br\/index.php?rest_route=\/wp\/v2\/media\/1554"}],"wp:attachment":[{"href":"https:\/\/ninarmoveis.com.br\/index.php?rest_route=%2Fwp%2Fv2%2Fmedia&parent=396"}],"curies":[{"name":"wp","href":"https:\/\/api.w.org\/{rel}","templated":true}]}}