{"id":402,"date":"2019-02-05T01:00:02","date_gmt":"2019-02-05T03:00:02","guid":{"rendered":"http:\/\/wp.ideapark.kz\/kidz\/babyshop\/?post_type=product&#038;p=402"},"modified":"2021-10-14T10:47:03","modified_gmt":"2021-10-14T13:47:03","slug":"moises-soninho-branco","status":"publish","type":"product","link":"https:\/\/ninarmoveis.com.br\/?product=moises-soninho-branco","title":{"rendered":"Mois\u00e9s Soninho Branco"},"content":{"rendered":"<ul>\n<li>Rod\u00edzios em ABS, sendo dois com travas e dois livres.<\/li>\n<li>Estrado produzido em MDF<\/li>\n<li>Todas as pe\u00e7as possuem cantos arredondados<\/li>\n<li>Pintura e acabamento Ultravioleta (U.V) de composi\u00e7\u00e3o n\u00e3o t\u00f3xica.<\/li>\n<li>Grades fixas, seguindo as novas normas do INMETRO para a seguran\u00e7a do beb\u00ea.<\/li>\n<\/ul>\n<p><strong>Caracter\u00edsticas:<\/strong><\/p>\n<ul>\n<li>Material: MDF<\/li>\n<li>Acabamento: UV Branco Alto Brilho<\/li>\n<li>Grades fixas: Sim<\/li>\n<li>Tamanho do Colch\u00e3o: 880 x 390cm<\/li>\n<li>Rod\u00edzios: Sim, 2 livres e 2 com travas<\/li>\n<li>Acompanha suporte para mosquiteiro: Sim<\/li>\n<li>Certifica\u00e7\u00e3o do INMETRO: BER-658\/2018-7<\/li>\n<li>Medidas do Produto:<\/li>\n<li>Largura:91,5 cm<\/li>\n<li>Altura: 92 cm<\/li>\n<li>Comprimento: 43 cm<\/li>\n<\/ul>\n","protected":false},"excerpt":{"rendered":"<ul>\n<li>Produzido com mat\u00e9rias primas at\u00f3xicas ecologicamente corretas.<\/li>\n<li>Pain\u00e9is de 15mm em MD<img loading=\"lazy\" src=\"https:\/\/images.eletrosom.com\/tmp\/catalog\/product\/m\/i\/mini_berco.jpg\" alt=\"\" width=\"500\" height=\"530\" \/>P de madeira reflorestada.<\/li>\n<li>Possui rod\u00edzios com travas e grade m\u00f3vel.<\/li>\n<li>Acompanha o colch\u00e3o mini ber\u00e7o.<\/li>\n<\/ul>\n","protected":false},"featured_media":1836,"comment_status":"open","ping_status":"closed","template":"","meta":[],"_links":{"self":[{"href":"https:\/\/ninarmoveis.com.br\/index.php?rest_route=\/wp\/v2\/product\/402"}],"collection":[{"href":"https:\/\/ninarmoveis.com.br\/index.php?rest_route=\/wp\/v2\/product"}],"about":[{"href":"https:\/\/ninarmoveis.com.br\/index.php?rest_route=\/wp\/v2\/types\/product"}],"replies":[{"embeddable":true,"href":"https:\/\/ninarmoveis.com.br\/index.php?rest_route=%2Fwp%2Fv2%2Fcomments&post=402"}],"wp:featuredmedia":[{"embeddable":true,"href":"https:\/\/ninarmoveis.com.br\/index.php?rest_route=\/wp\/v2\/media\/1836"}],"wp:attachment":[{"href":"https:\/\/ninarmoveis.com.br\/index.php?rest_route=%2Fwp%2Fv2%2Fmedia&parent=402"}],"curies":[{"name":"wp","href":"https:\/\/api.w.org\/{rel}","templated":true}]}}