{"id":405,"date":"2019-02-05T01:00:02","date_gmt":"2019-02-05T03:00:02","guid":{"rendered":"http:\/\/wp.ideapark.kz\/kidz\/babyshop\/?post_type=product&#038;p=405"},"modified":"2021-05-05T19:23:13","modified_gmt":"2021-05-05T22:23:13","slug":"poltrona-leticia","status":"publish","type":"product","link":"https:\/\/ninarmoveis.com.br\/?product=poltrona-leticia","title":{"rendered":"Poltrona Let\u00edcia"},"content":{"rendered":"<p><strong>Especifica\u00e7\u00f5es do Produto:<\/strong><\/p>\n<ul>\n<li>Estrutura em madeira de pinus e eucalipto provenientes de reflorestamento;<\/li>\n<li>Travamento da estrutura com grampos fixados de alta qualidade;<\/li>\n<li>\u00a0Sustenta\u00e7\u00e3o do assento e encosto com Percintas el\u00e1sticas de nylon;<\/li>\n<li>Espuma do assento D-23, encosto e bra\u00e7as D-20 com tratamento anti-mofo;<\/li>\n<li>Poltrona com balan\u00e7o e puff.<\/li>\n<\/ul>\n<p><strong>Dimens\u00f5es:<\/strong><\/p>\n<ul>\n<li>Altura: 1,00 m<\/li>\n<li>\u00a0Profundidade: 75 cm<\/li>\n<li>Largura: 72 cm<\/li>\n<\/ul>\n<p><strong>Medidas Internas:<\/strong><\/p>\n<ul>\n<li>Profundidade do Assento: 57 cm<\/li>\n<li>Largura Livre do Assento: 47 cm<\/li>\n<li>Altura do Encosto: 60 cm<\/li>\n<li>Altura dos p\u00e9s at\u00e9 o Assento: 45 cm<\/li>\n<\/ul>\n<p><strong>Voc\u00ea ir\u00e1 receber:\u00a0<\/strong>01 volume com 01 produto.<\/p>\n<p><strong>Peso Suportado:<\/strong>\u00a0At\u00e9 140 Kg.<\/p>\n<p><strong>Montagem:\u00a0<\/strong>Produto chega montado e embalado, pronto para uso. Enviado com\u00a0 embalagem super resistente para garantir a qualidade na entrega.<\/p>\n","protected":false},"excerpt":{"rendered":"<p>Simplicidade e bom gosto s\u00e3o marcantes caracter\u00edsticas dessa Poltrona.<br \/>\nOs m\u00f3veis t\u00eam design diferenciado com detalhes delicados que v\u00e3o transformar o quarto do beb\u00ea num verdadeiro mimo. Ideal para as mam\u00e3es mais exigentes que se preocupam em oferecer todo aconchego e conforto que seus filhos merecem.<\/p>\n","protected":false},"featured_media":1827,"comment_status":"open","ping_status":"closed","template":"","meta":[],"_links":{"self":[{"href":"https:\/\/ninarmoveis.com.br\/index.php?rest_route=\/wp\/v2\/product\/405"}],"collection":[{"href":"https:\/\/ninarmoveis.com.br\/index.php?rest_route=\/wp\/v2\/product"}],"about":[{"href":"https:\/\/ninarmoveis.com.br\/index.php?rest_route=\/wp\/v2\/types\/product"}],"replies":[{"embeddable":true,"href":"https:\/\/ninarmoveis.com.br\/index.php?rest_route=%2Fwp%2Fv2%2Fcomments&post=405"}],"wp:featuredmedia":[{"embeddable":true,"href":"https:\/\/ninarmoveis.com.br\/index.php?rest_route=\/wp\/v2\/media\/1827"}],"wp:attachment":[{"href":"https:\/\/ninarmoveis.com.br\/index.php?rest_route=%2Fwp%2Fv2%2Fmedia&parent=405"}],"curies":[{"name":"wp","href":"https:\/\/api.w.org\/{rel}","templated":true}]}}