{"id":408,"date":"2019-02-05T01:00:02","date_gmt":"2019-02-05T03:00:02","guid":{"rendered":"http:\/\/wp.ideapark.kz\/kidz\/babyshop\/?post_type=product&#038;p=408"},"modified":"2022-03-05T16:41:48","modified_gmt":"2022-03-05T19:41:48","slug":"berco-olivia","status":"publish","type":"product","link":"https:\/\/ninarmoveis.com.br\/?product=berco-olivia","title":{"rendered":"Ber\u00e7o Olivia"},"content":{"rendered":"<ul>\n<li>Dispon\u00edvel nas cores Nany (Azul Marinho) e Cinza Gianduai.<\/li>\n<li>Medidas: Altura: 97,8 cm<\/li>\n<li>Largura: 135,7 cm<\/li>\n<li>Profundidade: 75,8 cm<\/li>\n<li>Medida Interna: 700 x 1300<\/li>\n<li>Acabamento: acetinado<\/li>\n<li>Grade fixa<\/li>\n<li>Transforma em mini cama<\/li>\n<\/ul>\n<p><strong>Colch\u00e3o recomendado:<\/strong><\/p>\n<ul>\n<li>70 x 1,30 x 12 cm (n\u00e3o incluso)<\/li>\n<li>P\u00e9s em madeira (pode apresentar pequenas imperfei\u00e7\u00f5es, devido \u00e0s caracter\u00edsticas naturais da mat\u00e9ria-prima)<\/li>\n<\/ul>\n<p><strong>MINI CAMA<\/strong>:<\/p>\n<ul>\n<li>Medidas:<\/li>\n<li>Altura: 87,5 cm<\/li>\n<li>Largura: 135,9 cm<\/li>\n<li>Profundidade: 75,8 cm<\/li>\n<li>Mini grade n\u00e3o inclusa<\/li>\n<\/ul>\n","protected":false},"excerpt":{"rendered":"<ul>\n<li>Ber\u00e7o padr\u00e3o americano<\/li>\n<li>Vira mini cama<\/li>\n<li>Dispon\u00edvel com acabamento em branco ou cores<\/li>\n<li>Estrado regul\u00e1vel em 3 posi\u00e7\u00f5es<\/li>\n<li>Projeto de acordo com normas de seguran\u00e7a<\/li>\n<li>Certificado pelo INMETRO<\/li>\n<li>Ind\u00fastria Brasileira<\/li>\n<\/ul>\n<p><strong><span id=\"u496321-16\">DIFERENCIAIS<\/span><\/strong><\/p>\n<ul>\n<li>P\u00e9s em madeira na mesma tonalidade das linhas: Confort, Nordic e Montessori<\/li>\n<li>Acabamento fino liso<\/li>\n<li>Op\u00e7\u00e3o de venda: Trocador para Ber\u00e7o<\/li>\n<li>Produ\u00e7\u00e3o sustent\u00e1vel<\/li>\n<\/ul>\n","protected":false},"featured_media":1838,"comment_status":"open","ping_status":"closed","template":"","meta":[],"_links":{"self":[{"href":"https:\/\/ninarmoveis.com.br\/index.php?rest_route=\/wp\/v2\/product\/408"}],"collection":[{"href":"https:\/\/ninarmoveis.com.br\/index.php?rest_route=\/wp\/v2\/product"}],"about":[{"href":"https:\/\/ninarmoveis.com.br\/index.php?rest_route=\/wp\/v2\/types\/product"}],"replies":[{"embeddable":true,"href":"https:\/\/ninarmoveis.com.br\/index.php?rest_route=%2Fwp%2Fv2%2Fcomments&post=408"}],"wp:featuredmedia":[{"embeddable":true,"href":"https:\/\/ninarmoveis.com.br\/index.php?rest_route=\/wp\/v2\/media\/1838"}],"wp:attachment":[{"href":"https:\/\/ninarmoveis.com.br\/index.php?rest_route=%2Fwp%2Fv2%2Fmedia&parent=408"}],"curies":[{"name":"wp","href":"https:\/\/api.w.org\/{rel}","templated":true}]}}