{"id":4856,"date":"2020-06-26T18:40:11","date_gmt":"2020-06-26T21:40:11","guid":{"rendered":"http:\/\/sonhosdeninarmoveis.com.br\/?post_type=product&#038;p=4856"},"modified":"2021-10-07T13:51:35","modified_gmt":"2021-10-07T16:51:35","slug":"mini-cama-infantil-mickey-disney","status":"publish","type":"product","link":"https:\/\/ninarmoveis.com.br\/?product=mini-cama-infantil-mickey-disney","title":{"rendered":"Mini cama infantil Mickey Disney"},"content":{"rendered":"<p>Mini cama infantil Mickey Disney<\/p>\n<p><strong>DIMENS\u00d5ES<\/strong><\/p>\n<ul>\n<li>Altura: 71 cm<\/li>\n<li>Largura: 88 cm<\/li>\n<li>Profundidade: 156 cm<\/li>\n<li>Peso Bruto: 18 kg<\/li>\n<\/ul>\n<p><strong>DETALHES DO PRODUTO<\/strong><\/p>\n<ul>\n<li>Produto 100% em MDF<\/li>\n<li>Barras e Longarinas MDF 12 mm<\/li>\n<li>Pintura at\u00f3xica<\/li>\n<li>Estrados refor\u00e7ado<\/li>\n<li>Resist\u00eancia e durabilidade<\/li>\n<li>Cama suporta at\u00e9 30 Kg sem impacto<\/li>\n<li>Material cama: MDF<\/li>\n<li>Medida colch\u00e3o (n\u00e3o incluso): 70&#215;150 cm<\/li>\n<li>Altura do ch\u00e3o at\u00e9 o estrado: 14,4 cm<\/li>\n<li>Idade recomend\u00e1vel de 3 a 5 anos<\/li>\n<\/ul>\n<p>&nbsp;<\/p>\n<p>Mini cama Mickey Disney e muito charme para uma cama s\u00f3! Ela estampa o rosto do Mickey e leva para o quarto das crian\u00e7as a magia do personagem mais querido de todos os tempos no mundo. Cabeceira exclusiva com apliques de orelhas do mickey em MDF, laterais funcionam como grades de prote\u00e7\u00e3o, produtos em serigrafia de alta qualidade, pintura at\u00f3xica, estrados refor\u00e7ados, resist\u00eancia e durabilidade. Suporta ate 30kg sem impacto.<\/p>\n","protected":false},"excerpt":{"rendered":"<p>Mini cama Mickey Disney e muito charme para uma cama s\u00f3! Ela estampa o rosto do Mickey e leva para o quarto das crian\u00e7as a magia do personagem mais querido de todos os tempos no mundo. Cabeceira exclusiva com apliques de orelhas do Mickey em MDF, laterais funcionam como grades de prote\u00e7\u00e3o, produtos em serigrafia de alta qualidade.<\/p>\n","protected":false},"featured_media":4857,"comment_status":"open","ping_status":"closed","template":"","meta":[],"_links":{"self":[{"href":"https:\/\/ninarmoveis.com.br\/index.php?rest_route=\/wp\/v2\/product\/4856"}],"collection":[{"href":"https:\/\/ninarmoveis.com.br\/index.php?rest_route=\/wp\/v2\/product"}],"about":[{"href":"https:\/\/ninarmoveis.com.br\/index.php?rest_route=\/wp\/v2\/types\/product"}],"replies":[{"embeddable":true,"href":"https:\/\/ninarmoveis.com.br\/index.php?rest_route=%2Fwp%2Fv2%2Fcomments&post=4856"}],"wp:featuredmedia":[{"embeddable":true,"href":"https:\/\/ninarmoveis.com.br\/index.php?rest_route=\/wp\/v2\/media\/4857"}],"wp:attachment":[{"href":"https:\/\/ninarmoveis.com.br\/index.php?rest_route=%2Fwp%2Fv2%2Fmedia&parent=4856"}],"curies":[{"name":"wp","href":"https:\/\/api.w.org\/{rel}","templated":true}]}}