{"id":4872,"date":"2020-06-27T12:14:32","date_gmt":"2020-06-27T15:14:32","guid":{"rendered":"http:\/\/sonhosdeninarmoveis.com.br\/?post_type=product&#038;p=4872"},"modified":"2022-03-05T16:22:47","modified_gmt":"2022-03-05T19:22:47","slug":"cama-carruagem-estrela","status":"publish","type":"product","link":"https:\/\/ninarmoveis.com.br\/?product=cama-carruagem-estrela","title":{"rendered":"Cama Carruagem Estrela"},"content":{"rendered":"<ul>\n<li>Dimens\u00f5es<\/li>\n<li>Altura: 85 cm<\/li>\n<li>Largura: 93 cm<\/li>\n<li>Profundidade: 207 cm<\/li>\n<li>Peso; 34,5 kg<\/li>\n<li><strong>Caracter\u00edsticas:<\/strong><\/li>\n<li>Material: MDP<\/li>\n<li>Material do estrado e longarinas: MDF 12 mm<\/li>\n<li>Peso bruto: 34,5 kg<\/li>\n<li>Estrutura com bast\u00f5es em madeira reflorestada<\/li>\n<li>Laterais funcionam como grades de prote\u00e7\u00e3o<\/li>\n<li>Bordas das laterais arrendondadas que protege contra impacto eliminando as quinas ou bordas cortantes<\/li>\n<li>Suporta at\u00e9 90 kg sem impacto<\/li>\n<li>Utiliza colch\u00e3o de 188&#215;88 cm (Vendido separadamente)<\/li>\n<li>Cor: Branco\/Rosa<\/li>\n<\/ul>\n","protected":false},"excerpt":{"rendered":"<p>Sua filha merece! com a cama carruagem ela ter\u00e1 seu quarto muito mais bonito e elegante al\u00e9m de divertido. suas noites de sono s\u00e3o mais seguras e confort\u00e1veis. Com seu design l\u00fadico e divertido, sua filha poder\u00e1 dormir e tamb\u00e9m brincar como uma princesa.<\/p>\n","protected":false},"featured_media":4875,"comment_status":"open","ping_status":"closed","template":"","meta":[],"_links":{"self":[{"href":"https:\/\/ninarmoveis.com.br\/index.php?rest_route=\/wp\/v2\/product\/4872"}],"collection":[{"href":"https:\/\/ninarmoveis.com.br\/index.php?rest_route=\/wp\/v2\/product"}],"about":[{"href":"https:\/\/ninarmoveis.com.br\/index.php?rest_route=\/wp\/v2\/types\/product"}],"replies":[{"embeddable":true,"href":"https:\/\/ninarmoveis.com.br\/index.php?rest_route=%2Fwp%2Fv2%2Fcomments&post=4872"}],"wp:featuredmedia":[{"embeddable":true,"href":"https:\/\/ninarmoveis.com.br\/index.php?rest_route=\/wp\/v2\/media\/4875"}],"wp:attachment":[{"href":"https:\/\/ninarmoveis.com.br\/index.php?rest_route=%2Fwp%2Fv2%2Fmedia&parent=4872"}],"curies":[{"name":"wp","href":"https:\/\/api.w.org\/{rel}","templated":true}]}}