{"id":4878,"date":"2020-06-27T12:37:19","date_gmt":"2020-06-27T15:37:19","guid":{"rendered":"http:\/\/sonhosdeninarmoveis.com.br\/?post_type=product&#038;p=4878"},"modified":"2023-05-15T18:47:25","modified_gmt":"2023-05-15T21:47:25","slug":"cama-carruagem-princesas-na-floresta","status":"publish","type":"product","link":"https:\/\/ninarmoveis.com.br\/?product=cama-carruagem-princesas-na-floresta","title":{"rendered":"Cama Carruagem Princesas na Floresta"},"content":{"rendered":"<p><strong>Cama Princesas na Floresta<\/strong><\/p>\n<ul>\n<li>Dimens\u00f5es<\/li>\n<li>Altura: 77 cm<\/li>\n<li>Largura: 93 cm<\/li>\n<li>Profundidade: 200 cm<\/li>\n<li>Peso: 29,15 kg<\/li>\n<\/ul>\n<p><strong> Caracter\u00edsticas:<\/strong><\/p>\n<ul>\n<li>Material: 100% em MDF<\/li>\n<li>Estrado em MDF e madeira<\/li>\n<li>Bordas Arredondadas nas laterais que protejem contra impacto as quinas ou bordas cortantes<\/li>\n<li>Pintura at\u00f3xica e serigrafia, impress\u00e3o digital com acabamento U.V<\/li>\n<li>Laterais funcionam como grades de prote\u00e7\u00e3o<\/li>\n<li>Suporta at\u00e9 90 kg sem impacto<\/li>\n<li>Utiliza colch\u00e3o de 188&#215;88 cm (Vendido separadamente)<\/li>\n<li>Cor: Branco e Rosa<\/li>\n<\/ul>\n","protected":false},"excerpt":{"rendered":"<p>Com a Cama Princesas na Floresta, sua filha ter\u00e1 um quarto muito mais divertido e suas noites de sono mais seguras e confort\u00e1veis.Onde poder\u00e1 dormir e brincar com toda inoc\u00eancia.<\/p>\n","protected":false},"featured_media":5554,"comment_status":"open","ping_status":"closed","template":"","meta":[],"_links":{"self":[{"href":"https:\/\/ninarmoveis.com.br\/index.php?rest_route=\/wp\/v2\/product\/4878"}],"collection":[{"href":"https:\/\/ninarmoveis.com.br\/index.php?rest_route=\/wp\/v2\/product"}],"about":[{"href":"https:\/\/ninarmoveis.com.br\/index.php?rest_route=\/wp\/v2\/types\/product"}],"replies":[{"embeddable":true,"href":"https:\/\/ninarmoveis.com.br\/index.php?rest_route=%2Fwp%2Fv2%2Fcomments&post=4878"}],"wp:featuredmedia":[{"embeddable":true,"href":"https:\/\/ninarmoveis.com.br\/index.php?rest_route=\/wp\/v2\/media\/5554"}],"wp:attachment":[{"href":"https:\/\/ninarmoveis.com.br\/index.php?rest_route=%2Fwp%2Fv2%2Fmedia&parent=4878"}],"curies":[{"name":"wp","href":"https:\/\/api.w.org\/{rel}","templated":true}]}}