{"id":4894,"date":"2020-07-06T22:04:45","date_gmt":"2020-07-07T01:04:45","guid":{"rendered":"http:\/\/sonhosdeninarmoveis.com.br\/?post_type=product&#038;p=4894"},"modified":"2022-03-05T16:17:13","modified_gmt":"2022-03-05T19:17:13","slug":"comoda-retro-vitoria-branco-brilho-wengue","status":"publish","type":"product","link":"https:\/\/ninarmoveis.com.br\/?product=comoda-retro-vitoria-branco-brilho-wengue","title":{"rendered":"Comoda Retro Vit\u00f3ria Branco Brilho\/Wengue"},"content":{"rendered":"<p><strong>Comoda Vit\u00f3ria<\/strong><\/p>\n<ul>\n<li>Largura: 91 Cm<\/li>\n<li>Altura: 97 cm<\/li>\n<li>Profundidade: 41 cm<\/li>\n<li>Caracter\u00edsticas:<\/li>\n<li>Material: 100%MDF<\/li>\n<li>3 Gavetas<\/li>\n<li>1 Porta com puxador em madeira<\/li>\n<li>1 Prateleira interna<\/li>\n<li>Corredi\u00e7as telesc\u00f3picas livres de enrosco<\/li>\n<li>Puxadores de madeira<\/li>\n<li>P\u00e9s Retro de madeira maci\u00e7a<\/li>\n<li>Acabamento UV (At\u00f3xico)<\/li>\n<li>Cor: Branco Brilho\/Wengue<\/li>\n<\/ul>\n","protected":false},"excerpt":{"rendered":"<p>Oi mam\u00e3e se procura por uma comoda que seja linda, que contenha espa\u00e7o para uma f\u00e1cil organiza\u00e7\u00e3o de roupas e acess\u00f3rios? Apresentamos a C\u00f4moda Retro Vit\u00f3ria, ideal para voc\u00ea que busca praticidade\u00a0 e modernidade. N\u00e3o deixa essa oportunidade passar\u00a0 e garanta j\u00e1 a sua!<\/p>\n","protected":false},"featured_media":4936,"comment_status":"open","ping_status":"closed","template":"","meta":[],"_links":{"self":[{"href":"https:\/\/ninarmoveis.com.br\/index.php?rest_route=\/wp\/v2\/product\/4894"}],"collection":[{"href":"https:\/\/ninarmoveis.com.br\/index.php?rest_route=\/wp\/v2\/product"}],"about":[{"href":"https:\/\/ninarmoveis.com.br\/index.php?rest_route=\/wp\/v2\/types\/product"}],"replies":[{"embeddable":true,"href":"https:\/\/ninarmoveis.com.br\/index.php?rest_route=%2Fwp%2Fv2%2Fcomments&post=4894"}],"wp:featuredmedia":[{"embeddable":true,"href":"https:\/\/ninarmoveis.com.br\/index.php?rest_route=\/wp\/v2\/media\/4936"}],"wp:attachment":[{"href":"https:\/\/ninarmoveis.com.br\/index.php?rest_route=%2Fwp%2Fv2%2Fmedia&parent=4894"}],"curies":[{"name":"wp","href":"https:\/\/api.w.org\/{rel}","templated":true}]}}