{"id":4919,"date":"2020-07-03T10:21:08","date_gmt":"2020-07-03T13:21:08","guid":{"rendered":"http:\/\/sonhosdeninarmoveis.com.br\/?post_type=product&#038;p=4919"},"modified":"2021-06-04T17:55:48","modified_gmt":"2021-06-04T20:55:48","slug":"quarto-completo-retro-vitoria-4-pts-wengue-branco","status":"publish","type":"product","link":"https:\/\/ninarmoveis.com.br\/?product=quarto-completo-retro-vitoria-4-pts-wengue-branco","title":{"rendered":"Quarto Completo Retro Vitoria 4 pts Wengue\/Branco"},"content":{"rendered":"<p><strong>Guarda-Roupa Vitoria 4 Portas<\/strong><\/p>\n<ul>\n<li>Largura: 132 cm<\/li>\n<li>Altura: 196 cm<\/li>\n<li>Profundidade: 41 cm<\/li>\n<li><strong>Caracter\u00edsticas:<\/strong><\/li>\n<li>Material: 100% MDF<\/li>\n<li>4 Portas<\/li>\n<li>3 Gavetas<\/li>\n<li>Divis\u00f5es internas<\/li>\n<li>Cabideiro<\/li>\n<li>Corredi\u00e7as telesc\u00f3picas<\/li>\n<li>Puxadores em madeira<\/li>\n<li>P\u00e9s Retro em madeira<\/li>\n<li>Dobradi\u00e7as met\u00e1licas<\/li>\n<li>Acabamento UV (At\u00f3xico)<\/li>\n<li>Cor: Wengue\/Branco<\/li>\n<li>Lindo design<\/li>\n<\/ul>\n<p><strong>Comoda Vit\u00f3ria<\/strong><\/p>\n<ul>\n<li>Largura: 91 Cm<\/li>\n<li>Altura: 97 cm<\/li>\n<li>Profundidade: 41 cm<\/li>\n<li><strong>Caracter\u00edsticas:<\/strong><\/li>\n<li>Material: 100%MDF<\/li>\n<li>3 Gavetas<\/li>\n<li>1 Porta com puxador em madeira<\/li>\n<li>1 Prateleira interna<\/li>\n<li>Corredi\u00e7as telesc\u00f3picas livres de enrosco<\/li>\n<li>Puxadores de madeira<\/li>\n<li>P\u00e9s Retro de madeira maci\u00e7a<\/li>\n<li>Acabamento UV (At\u00f3xico)<\/li>\n<li>Cor: Branco\/Wengue<\/li>\n<\/ul>\n<p><strong>Ber\u00e7o Vit\u00f3ria<\/strong><\/p>\n<ul>\n<li>Largura: 133 cm<\/li>\n<li>Altura: 99 cm<\/li>\n<li>Profundidade: 76 cm<\/li>\n<li><strong>Caracter\u00edsticas:<\/strong><\/li>\n<li>Material: 100% MDF<\/li>\n<li>Certificado pelo INMETRO<\/li>\n<li>Padr\u00e3o Americano<\/li>\n<li>Cantos arredondados<\/li>\n<li>3 regulagens de altura do estrado<\/li>\n<li>Estrado de madeira reflorestada<\/li>\n<li>Grade Fixa maior seguran\u00e7a do beb\u00ea<\/li>\n<li>Acompanha suporte para mosquiteiro<\/li>\n<li>Colch\u00e3o Recomendado: 130 cm x 70 cm x 12 cm<\/li>\n<li>Acabamento UV (At\u00f3xico)<\/li>\n<li>Cor: Branco\/Wengue<\/li>\n<li>Design moderno<\/li>\n<\/ul>\n","protected":false},"excerpt":{"rendered":"<p>Oi mam\u00e3e se voc\u00ea procura um kit que seja lindo, que contenha espa\u00e7o para uma f\u00e1cil organiza\u00e7\u00e3o de roupas e acess\u00f3rios? Temo esse lindo kit Vit\u00f3ria Retro com ber\u00e7o de alta qualidade garantindo aconchego e conforto na hora do soninho do beb\u00ea. Confira!<\/p>\n","protected":false},"featured_media":4939,"comment_status":"open","ping_status":"closed","template":"","meta":[],"_links":{"self":[{"href":"https:\/\/ninarmoveis.com.br\/index.php?rest_route=\/wp\/v2\/product\/4919"}],"collection":[{"href":"https:\/\/ninarmoveis.com.br\/index.php?rest_route=\/wp\/v2\/product"}],"about":[{"href":"https:\/\/ninarmoveis.com.br\/index.php?rest_route=\/wp\/v2\/types\/product"}],"replies":[{"embeddable":true,"href":"https:\/\/ninarmoveis.com.br\/index.php?rest_route=%2Fwp%2Fv2%2Fcomments&post=4919"}],"wp:featuredmedia":[{"embeddable":true,"href":"https:\/\/ninarmoveis.com.br\/index.php?rest_route=\/wp\/v2\/media\/4939"}],"wp:attachment":[{"href":"https:\/\/ninarmoveis.com.br\/index.php?rest_route=%2Fwp%2Fv2%2Fmedia&parent=4919"}],"curies":[{"name":"wp","href":"https:\/\/api.w.org\/{rel}","templated":true}]}}