{"id":5105,"date":"2020-07-06T21:27:39","date_gmt":"2020-07-07T00:27:39","guid":{"rendered":"http:\/\/sonhosdeninarmoveis.com.br\/?post_type=product&#038;p=5105"},"modified":"2021-12-22T12:50:44","modified_gmt":"2021-12-22T15:50:44","slug":"guarda-roupa-vitoriano-rose","status":"publish","type":"product","link":"https:\/\/ninarmoveis.com.br\/?product=guarda-roupa-vitoriano-rose","title":{"rendered":"Guarda-Roupa Vitoriano Rose"},"content":{"rendered":"<p><strong>Guarda-Roupa Vitoriano 4 Portas<\/strong><\/p>\n<ul>\n<li>Largura: 160 cm<\/li>\n<li>Altura: 231 cm<\/li>\n<li>Profundidade: 50 cm<\/li>\n<li><strong>Caracter\u00edsticas:<\/strong><\/li>\n<li>Material: 100%MDF<\/li>\n<li>4 Portas<\/li>\n<li>3 Gavetas<\/li>\n<li>Divis\u00f5es internas<\/li>\n<li>Cabideiro<\/li>\n<li>Detalhes nas portas centrais em vidro incolor temperado<\/li>\n<li>Puxadores em madeira<\/li>\n<li>Acabamento acetinado e pintura ultravioleta<\/li>\n<li>Cor: Rose<\/li>\n<\/ul>\n","protected":false},"excerpt":{"rendered":"<p>O Roupeiro vitoriano \u00e9 ideal para complementar o quarto do beb\u00ea tornando-o um cantinho aconchegante e organizado. Seu design proven\u00e7al garante o charme necess\u00e1rio para complementar o ambiente. Com 4 gavetas e 4 portas uma porta possui um espa\u00e7o ideal para acomodar diversas pe\u00e7as de roupas, acess\u00f3rios e cal\u00e7ados de seu filho.<\/p>\n","protected":false},"featured_media":5056,"comment_status":"open","ping_status":"closed","template":"","meta":[],"_links":{"self":[{"href":"https:\/\/ninarmoveis.com.br\/index.php?rest_route=\/wp\/v2\/product\/5105"}],"collection":[{"href":"https:\/\/ninarmoveis.com.br\/index.php?rest_route=\/wp\/v2\/product"}],"about":[{"href":"https:\/\/ninarmoveis.com.br\/index.php?rest_route=\/wp\/v2\/types\/product"}],"replies":[{"embeddable":true,"href":"https:\/\/ninarmoveis.com.br\/index.php?rest_route=%2Fwp%2Fv2%2Fcomments&post=5105"}],"wp:featuredmedia":[{"embeddable":true,"href":"https:\/\/ninarmoveis.com.br\/index.php?rest_route=\/wp\/v2\/media\/5056"}],"wp:attachment":[{"href":"https:\/\/ninarmoveis.com.br\/index.php?rest_route=%2Fwp%2Fv2%2Fmedia&parent=5105"}],"curies":[{"name":"wp","href":"https:\/\/api.w.org\/{rel}","templated":true}]}}