{"id":5110,"date":"2020-07-06T22:17:18","date_gmt":"2020-07-07T01:17:18","guid":{"rendered":"http:\/\/sonhosdeninarmoveis.com.br\/?post_type=product&#038;p=5110"},"modified":"2022-03-05T16:17:06","modified_gmt":"2022-03-05T19:17:06","slug":"guarda-roupas-retro-vitoria-branco-wengue","status":"publish","type":"product","link":"https:\/\/ninarmoveis.com.br\/?product=guarda-roupas-retro-vitoria-branco-wengue","title":{"rendered":"Guarda-Roupas Retro Vit\u00f3ria Branco\/Wengue"},"content":{"rendered":"<p><strong>Guarda-Roupa Vitoria 4 Portas<\/strong><\/p>\n<ul>\n<li>Largura: 132 cm<\/li>\n<li>Altura: 196 cm<\/li>\n<li>Profundidade: 41 cm<\/li>\n<li><strong>Caracter\u00edsticas:<\/strong><\/li>\n<li>Material: 100% MDF<\/li>\n<li>4 Portas<\/li>\n<li>3 Gavetas<\/li>\n<li>Divis\u00f5es internas<\/li>\n<li>Cabideiro<\/li>\n<li>Corredi\u00e7as telesc\u00f3picas<\/li>\n<li>Puxadores em madeira<\/li>\n<li>P\u00e9s Retro em madeira<\/li>\n<li>Dobradi\u00e7as met\u00e1licas<\/li>\n<li>Acabamento UV (At\u00f3xico)<\/li>\n<li>Cor: Wengue\/Branco<\/li>\n<li>Lindo design<\/li>\n<\/ul>\n","protected":false},"excerpt":{"rendered":"<p>Oi mam\u00e3e se procura por um Roupeiro que seja lindo, que contenha espa\u00e7o para uma f\u00e1cil organiza\u00e7\u00e3o de roupas e acess\u00f3rios? Apresentamos o Guarda-Roupa Retro Vit\u00f3ria, ideal para voc\u00ea que busca praticidade\u00a0 e modernidade bom pre\u00e7o e amplo espa\u00e7o. N\u00e3o deixa essa oportunidade passar\u00a0 e garanta j\u00e1 o seu!<\/p>\n","protected":false},"featured_media":4934,"comment_status":"open","ping_status":"closed","template":"","meta":[],"_links":{"self":[{"href":"https:\/\/ninarmoveis.com.br\/index.php?rest_route=\/wp\/v2\/product\/5110"}],"collection":[{"href":"https:\/\/ninarmoveis.com.br\/index.php?rest_route=\/wp\/v2\/product"}],"about":[{"href":"https:\/\/ninarmoveis.com.br\/index.php?rest_route=\/wp\/v2\/types\/product"}],"replies":[{"embeddable":true,"href":"https:\/\/ninarmoveis.com.br\/index.php?rest_route=%2Fwp%2Fv2%2Fcomments&post=5110"}],"wp:featuredmedia":[{"embeddable":true,"href":"https:\/\/ninarmoveis.com.br\/index.php?rest_route=\/wp\/v2\/media\/4934"}],"wp:attachment":[{"href":"https:\/\/ninarmoveis.com.br\/index.php?rest_route=%2Fwp%2Fv2%2Fmedia&parent=5110"}],"curies":[{"name":"wp","href":"https:\/\/api.w.org\/{rel}","templated":true}]}}