{"id":5173,"date":"2020-07-07T23:32:56","date_gmt":"2020-07-08T02:32:56","guid":{"rendered":"http:\/\/sonhosdeninarmoveis.com.br\/?post_type=product&#038;p=5173"},"modified":"2021-10-07T13:43:25","modified_gmt":"2021-10-07T16:43:25","slug":"berco-retro-vitoria-branco-wengue","status":"publish","type":"product","link":"https:\/\/ninarmoveis.com.br\/?product=berco-retro-vitoria-branco-wengue","title":{"rendered":"Ber\u00e7o Retro Vit\u00f3ria Branco\/Wengue"},"content":{"rendered":"<p><strong>Ber\u00e7o Retro Vit\u00f3ria<\/strong><\/p>\n<ul>\n<li>Largura: 133c m<\/li>\n<li>Altura: 99 cm<\/li>\n<li>Profundidade: 76 cm<\/li>\n<li><strong>Caracter\u00edsticas:<\/strong><\/li>\n<li>Material: 100% MDF<\/li>\n<li>Certificado pelo INMETRO<\/li>\n<li>Padr\u00e3o Americano<\/li>\n<li>Cantos arredondados<\/li>\n<li>3 regulagens de altura do estrado<\/li>\n<li>Estrado de madeira reflorestada<\/li>\n<li>Grade Fixa maior seguran\u00e7a do beb\u00ea<\/li>\n<li>Acompanha suporte para mosquiteiro<\/li>\n<li>Colch\u00e3o Recomendado: 130 cm x 70 cm x 12 cm<\/li>\n<li>Acabamento UV (At\u00f3xico)<\/li>\n<li>Cor: Branco\/Wengue<\/li>\n<li>Design moderno<\/li>\n<\/ul>\n","protected":false},"excerpt":{"rendered":"<p>Ber\u00e7o Vit\u00f3ria proporciona maior seguran\u00e7a, al\u00e9m de um design moderno, feiro com materiais de alta qualidade garantindo aconchego e conforto na hora do soninho do beb\u00ea. Confira!<\/p>\n","protected":false},"featured_media":4938,"comment_status":"open","ping_status":"closed","template":"","meta":[],"_links":{"self":[{"href":"https:\/\/ninarmoveis.com.br\/index.php?rest_route=\/wp\/v2\/product\/5173"}],"collection":[{"href":"https:\/\/ninarmoveis.com.br\/index.php?rest_route=\/wp\/v2\/product"}],"about":[{"href":"https:\/\/ninarmoveis.com.br\/index.php?rest_route=\/wp\/v2\/types\/product"}],"replies":[{"embeddable":true,"href":"https:\/\/ninarmoveis.com.br\/index.php?rest_route=%2Fwp%2Fv2%2Fcomments&post=5173"}],"wp:featuredmedia":[{"embeddable":true,"href":"https:\/\/ninarmoveis.com.br\/index.php?rest_route=\/wp\/v2\/media\/4938"}],"wp:attachment":[{"href":"https:\/\/ninarmoveis.com.br\/index.php?rest_route=%2Fwp%2Fv2%2Fmedia&parent=5173"}],"curies":[{"name":"wp","href":"https:\/\/api.w.org\/{rel}","templated":true}]}}