{"id":5193,"date":"2020-07-08T14:54:25","date_gmt":"2020-07-08T17:54:25","guid":{"rendered":"http:\/\/sonhosdeninarmoveis.com.br\/?post_type=product&#038;p=5193"},"modified":"2021-10-07T13:42:59","modified_gmt":"2021-10-07T16:42:59","slug":"guarda-roupa-new-cristal-4-portas-3-gavetas-branco","status":"publish","type":"product","link":"https:\/\/ninarmoveis.com.br\/?product=guarda-roupa-new-cristal-4-portas-3-gavetas-branco","title":{"rendered":"Guarda-Roupa New Cristal 4 portas 3 gavetas Branco"},"content":{"rendered":"<p><strong>Guarda-Roupa New Cristal 4 Portas<\/strong><\/p>\n<ul>\n<li>Largura: 100 cm<\/li>\n<li>Altura: 187 cm<\/li>\n<li>Profundidade: 47 cm<\/li>\n<li>Peso: 68,2 kg<\/li>\n<\/ul>\n<p><strong> Caracter\u00edsticas:<\/strong><\/p>\n<ul>\n<li>Material: 100%MDF<\/li>\n<li>4 Portas<\/li>\n<li>3 Gavetas<\/li>\n<li>Divis\u00f5es internas<\/li>\n<li>Cabideiro em alum\u00ednio<\/li>\n<li>Detalhes nas portas centrais em acr\u00edlico<\/li>\n<li>Puxadores em madeira<\/li>\n<li>Acabamento pintura atoxica na superf\u00edcie U.V<\/li>\n<li>Possui suporte para cabides em alum\u00ednio<\/li>\n<li>Dobradi\u00e7a met\u00e1lica<\/li>\n<li>Gavetas suportam at\u00e9 6 kg distribu\u00eddos uniformemente<\/li>\n<li>Prateleiras suportam at\u00e9 15 kg distribu\u00eddos uniformemente<\/li>\n<li>Cor: Branco<\/li>\n<\/ul>\n","protected":false},"excerpt":{"rendered":"<p>Para manter o quarto do beb\u00ea organizado \u00e9 essencial o uso de um roupeiro, al\u00e9m de manter a organiza\u00e7\u00e3o das roupinhas e acess\u00f3rios, mant\u00eam o ambiente com estilo e conforto. Com isso apresentamos o Roupeiro New Cristal!!<\/p>\n","protected":false},"featured_media":5150,"comment_status":"open","ping_status":"closed","template":"","meta":[],"_links":{"self":[{"href":"https:\/\/ninarmoveis.com.br\/index.php?rest_route=\/wp\/v2\/product\/5193"}],"collection":[{"href":"https:\/\/ninarmoveis.com.br\/index.php?rest_route=\/wp\/v2\/product"}],"about":[{"href":"https:\/\/ninarmoveis.com.br\/index.php?rest_route=\/wp\/v2\/types\/product"}],"replies":[{"embeddable":true,"href":"https:\/\/ninarmoveis.com.br\/index.php?rest_route=%2Fwp%2Fv2%2Fcomments&post=5193"}],"wp:featuredmedia":[{"embeddable":true,"href":"https:\/\/ninarmoveis.com.br\/index.php?rest_route=\/wp\/v2\/media\/5150"}],"wp:attachment":[{"href":"https:\/\/ninarmoveis.com.br\/index.php?rest_route=%2Fwp%2Fv2%2Fmedia&parent=5193"}],"curies":[{"name":"wp","href":"https:\/\/api.w.org\/{rel}","templated":true}]}}