{"id":5291,"date":"2020-07-17T13:00:37","date_gmt":"2020-07-17T16:00:37","guid":{"rendered":"http:\/\/sonhosdeninarmoveis.com.br\/?post_type=product&#038;p=5291"},"modified":"2021-06-18T18:50:13","modified_gmt":"2021-06-18T21:50:13","slug":"roupeiro-classic-3-portas-branco-fosco","status":"publish","type":"product","link":"https:\/\/ninarmoveis.com.br\/?product=roupeiro-classic-3-portas-branco-fosco","title":{"rendered":"Roupeiro Classic 3 portas Branco Fosco"},"content":{"rendered":"<p><strong>Guarda-Roupa New Cristal 4 Portas<\/strong><\/p>\n<ul>\n<li>Largura: 133 cm<\/li>\n<li>Altura: 205 cm<\/li>\n<li>Profundidade: 46 cm<\/li>\n<li><strong>Caracter\u00edsticas:<\/strong><\/li>\n<\/ul>\n<ul>\n<li>Material: 100% MDF<\/li>\n<li>3 Portas<\/li>\n<li>2 Gavetas<\/li>\n<li>3 Divis\u00f5es internas<\/li>\n<li>Cabideiro met\u00e1lico<\/li>\n<li>Puxadores embutido<\/li>\n<li>Acabamento pintura atoxica na superf\u00edcie U.V<\/li>\n<li>Possui suporte para cabides em alum\u00ednio<\/li>\n<li>Corredi\u00e7as Telesc\u00f3picas<\/li>\n<li>Maior Organiza\u00e7\u00e3o e espa\u00e7o<\/li>\n<li>Cor: Branco Fosco<\/li>\n<\/ul>\n","protected":false},"excerpt":{"rendered":"<p>Organizar as roupinhas e acess\u00f3rios do beb\u00ea ficou mais f\u00e1cil com o Guarda Roupa Classic da linha Color. Ele foi desenvolvido com design que remete diferencial ao ambiente, deixando o quartinho charmoso, sofisticado e proporcionando a praticidade que a mam\u00e3e precisa na hora da organiza\u00e7\u00e3o. N\u00e3o perca tempo e leve j\u00e1 este lindo produto para casa, voc\u00ea vai se encantar!<\/p>\n","protected":false},"featured_media":5293,"comment_status":"open","ping_status":"closed","template":"","meta":[],"_links":{"self":[{"href":"https:\/\/ninarmoveis.com.br\/index.php?rest_route=\/wp\/v2\/product\/5291"}],"collection":[{"href":"https:\/\/ninarmoveis.com.br\/index.php?rest_route=\/wp\/v2\/product"}],"about":[{"href":"https:\/\/ninarmoveis.com.br\/index.php?rest_route=\/wp\/v2\/types\/product"}],"replies":[{"embeddable":true,"href":"https:\/\/ninarmoveis.com.br\/index.php?rest_route=%2Fwp%2Fv2%2Fcomments&post=5291"}],"wp:featuredmedia":[{"embeddable":true,"href":"https:\/\/ninarmoveis.com.br\/index.php?rest_route=\/wp\/v2\/media\/5293"}],"wp:attachment":[{"href":"https:\/\/ninarmoveis.com.br\/index.php?rest_route=%2Fwp%2Fv2%2Fmedia&parent=5291"}],"curies":[{"name":"wp","href":"https:\/\/api.w.org\/{rel}","templated":true}]}}