{"id":5295,"date":"2020-07-17T13:24:09","date_gmt":"2020-07-17T16:24:09","guid":{"rendered":"http:\/\/sonhosdeninarmoveis.com.br\/?post_type=product&#038;p=5295"},"modified":"2021-10-07T13:41:06","modified_gmt":"2021-10-07T16:41:06","slug":"roupeiro-joazinho-4-portas-branco-fosco-mezzo-fosco","status":"publish","type":"product","link":"https:\/\/ninarmoveis.com.br\/?product=roupeiro-joazinho-4-portas-branco-fosco-mezzo-fosco","title":{"rendered":"Roupeiro Joazinho 4 portas Branco fosco\/Mezzo fosco"},"content":{"rendered":"<p><strong>Guarda-Roupa New Cristal 4 Portas<\/strong><\/p>\n<ul>\n<li>Largura: 127 cm<\/li>\n<li>Altura: 203 cm<\/li>\n<li>Profundidade: 45 cm<\/li>\n<li>Peso: 84,5 kg<\/li>\n<\/ul>\n<p><strong>\u00a0 \u00a0 \u00a0 \u00a0Caracter\u00edsticas:<\/strong><\/p>\n<ul>\n<li>Material: 100% MDF<\/li>\n<li>4 Portas<\/li>\n<li>3 Gavetas<\/li>\n<li>Divis\u00f5es internas<\/li>\n<li>Cabideiro met\u00e1lico<\/li>\n<li>Puxadores em PVC<\/li>\n<li>Acabamento Brilho UV e revestimento baixa press\u00e3o<\/li>\n<li>Possui suporte para cabides em alum\u00ednio<\/li>\n<li>Corredi\u00e7as Telesc\u00f3picas<\/li>\n<li>Maior Organiza\u00e7\u00e3o e espa\u00e7o<\/li>\n<li>Cor: Branco\/Mezzo Fosco<\/li>\n<\/ul>\n","protected":false},"excerpt":{"rendered":"<p>O Guarda-Roupa Jo\u00e3ozinho re\u00fane praticidade, beleza e custo-benef\u00edcio, o Guarda-Roupa possui excelente divis\u00e3o interna que facilitam o dia-a-dia e\u00a0 harmoniza bem em qualquer ambiente.<\/p>\n","protected":false},"featured_media":5301,"comment_status":"open","ping_status":"closed","template":"","meta":[],"_links":{"self":[{"href":"https:\/\/ninarmoveis.com.br\/index.php?rest_route=\/wp\/v2\/product\/5295"}],"collection":[{"href":"https:\/\/ninarmoveis.com.br\/index.php?rest_route=\/wp\/v2\/product"}],"about":[{"href":"https:\/\/ninarmoveis.com.br\/index.php?rest_route=\/wp\/v2\/types\/product"}],"replies":[{"embeddable":true,"href":"https:\/\/ninarmoveis.com.br\/index.php?rest_route=%2Fwp%2Fv2%2Fcomments&post=5295"}],"wp:featuredmedia":[{"embeddable":true,"href":"https:\/\/ninarmoveis.com.br\/index.php?rest_route=\/wp\/v2\/media\/5301"}],"wp:attachment":[{"href":"https:\/\/ninarmoveis.com.br\/index.php?rest_route=%2Fwp%2Fv2%2Fmedia&parent=5295"}],"curies":[{"name":"wp","href":"https:\/\/api.w.org\/{rel}","templated":true}]}}