{"id":5329,"date":"2020-07-17T21:30:23","date_gmt":"2020-07-18T00:30:23","guid":{"rendered":"http:\/\/sonhosdeninarmoveis.com.br\/?post_type=product&#038;p=5329"},"modified":"2021-10-07T13:39:06","modified_gmt":"2021-10-07T16:39:06","slug":"berco-mini-cama-gabi-branco-brilho","status":"publish","type":"product","link":"https:\/\/ninarmoveis.com.br\/?product=berco-mini-cama-gabi-branco-brilho","title":{"rendered":"Ber\u00e7o Mini Cama Gabi Branco Brilho"},"content":{"rendered":"<p><strong>Ber\u00e7o Mini Cama Gabi<\/strong><\/p>\n<ul>\n<li>Largura: 75 cm<\/li>\n<li>Altura: 96 cm<\/li>\n<li>Profundidade: 133 cm<\/li>\n<li>Peso: 29 kg<\/li>\n<li><strong>Caracter\u00edsticas:<\/strong><\/li>\n<li>Material: Pain\u00e9is MDF\/MDP<\/li>\n<li>Certificado pelo INMETRO<\/li>\n<li>Transforma-se em mini cama<\/li>\n<li>Padr\u00e3o Americano<\/li>\n<li>2 Regulagens de altura do estrado<\/li>\n<li>Estrado de madeira maci\u00e7a<\/li>\n<li>Grade Fixa<\/li>\n<li>4 Rod\u00edzios<\/li>\n<li>Acompanha suporte para mosquiteiro<\/li>\n<li>Colch\u00e3o Recomendado: 130 cm x 70 cm x 12 cm(Densidade: D18)<\/li>\n<li>Material de alta resist\u00eancia com superf\u00edcies lisa e retas<\/li>\n<li>Cor: Branco Brilho<\/li>\n<\/ul>\n","protected":false},"excerpt":{"rendered":"<p>O lindo ber\u00e7o mini cama Gabi foi produzido e desenvolvido pensando nas mam\u00e3es que buscam, conforto, seguran\u00e7a, qualidade e beleza. Os produtos Carolina Baby, s\u00e3o confeccionados com os mais altos padr\u00f5es de qualidade existentes no mercado nacional, o que garante as mam\u00e3es seguran\u00e7a e resist\u00eancia. Este ber\u00e7o \u00e9 perfeito para voc\u00ea que busca delicadeza e conforto para o quartinho do seu beb\u00ea.<\/p>\n","protected":false},"featured_media":5334,"comment_status":"open","ping_status":"closed","template":"","meta":[],"_links":{"self":[{"href":"https:\/\/ninarmoveis.com.br\/index.php?rest_route=\/wp\/v2\/product\/5329"}],"collection":[{"href":"https:\/\/ninarmoveis.com.br\/index.php?rest_route=\/wp\/v2\/product"}],"about":[{"href":"https:\/\/ninarmoveis.com.br\/index.php?rest_route=\/wp\/v2\/types\/product"}],"replies":[{"embeddable":true,"href":"https:\/\/ninarmoveis.com.br\/index.php?rest_route=%2Fwp%2Fv2%2Fcomments&post=5329"}],"wp:featuredmedia":[{"embeddable":true,"href":"https:\/\/ninarmoveis.com.br\/index.php?rest_route=\/wp\/v2\/media\/5334"}],"wp:attachment":[{"href":"https:\/\/ninarmoveis.com.br\/index.php?rest_route=%2Fwp%2Fv2%2Fmedia&parent=5329"}],"curies":[{"name":"wp","href":"https:\/\/api.w.org\/{rel}","templated":true}]}}