{"id":5362,"date":"2020-07-17T23:21:20","date_gmt":"2020-07-18T02:21:20","guid":{"rendered":"http:\/\/sonhosdeninarmoveis.com.br\/?post_type=product&#038;p=5362"},"modified":"2022-04-14T00:01:21","modified_gmt":"2022-04-14T03:01:21","slug":"berco-mini-cama-mirelli-branco-brilho","status":"publish","type":"product","link":"https:\/\/ninarmoveis.com.br\/?product=berco-mini-cama-mirelli-branco-brilho","title":{"rendered":"Ber\u00e7o Mini Cama Mirelli Branco\/Brilho"},"content":{"rendered":"<p><strong>Ber\u00e7o Mini Cama Mirelli<\/strong><\/p>\n<ul>\n<li>Altura: 116,2 cm<\/li>\n<li>Comprimento: 143 cm<\/li>\n<li>Profundidade: 79,5 cm<\/li>\n<li>Peso: 36,7 kg<\/li>\n<li><strong>Caracter\u00edsticas:<\/strong><\/li>\n<li>Material: Produzido em MDF de alta resist\u00eancia<\/li>\n<li>Certificado pelo INMETRO<\/li>\n<li>Transforma-se em mini cama<\/li>\n<li>Padr\u00e3o Americano<\/li>\n<li>2 Regulagens de altura do estrado<\/li>\n<li>Estrado em MDF 6 mm<\/li>\n<li>Grade Fixa<\/li>\n<li>4 Rod\u00edzios<\/li>\n<li>Acompanha suporte para mosquiteiro<\/li>\n<li>Acabamento em pintura verniz at\u00f3xica Brilho<\/li>\n<li>Superf\u00edcie\/bordas lisas e arredondadas<\/li>\n<li>Colch\u00e3o Recomendado: 130 cm x 70 cm x 12 cm(Densidade: D18)<\/li>\n<li>Cor: Branco Brilho<\/li>\n<\/ul>\n","protected":false},"excerpt":{"rendered":"<p>Deixe o dormit\u00f3rio do seu beb\u00ea com uma decora\u00e7\u00e3o mais sofisticada e elegante, utilizando\u00a0um design encantador que vai se enquadrar perfeitamente com os demais m\u00f3veis que comp\u00f5em o local.<\/p>\n","protected":false},"featured_media":5364,"comment_status":"open","ping_status":"closed","template":"","meta":[],"_links":{"self":[{"href":"https:\/\/ninarmoveis.com.br\/index.php?rest_route=\/wp\/v2\/product\/5362"}],"collection":[{"href":"https:\/\/ninarmoveis.com.br\/index.php?rest_route=\/wp\/v2\/product"}],"about":[{"href":"https:\/\/ninarmoveis.com.br\/index.php?rest_route=\/wp\/v2\/types\/product"}],"replies":[{"embeddable":true,"href":"https:\/\/ninarmoveis.com.br\/index.php?rest_route=%2Fwp%2Fv2%2Fcomments&post=5362"}],"wp:featuredmedia":[{"embeddable":true,"href":"https:\/\/ninarmoveis.com.br\/index.php?rest_route=\/wp\/v2\/media\/5364"}],"wp:attachment":[{"href":"https:\/\/ninarmoveis.com.br\/index.php?rest_route=%2Fwp%2Fv2%2Fmedia&parent=5362"}],"curies":[{"name":"wp","href":"https:\/\/api.w.org\/{rel}","templated":true}]}}