{"id":5437,"date":"2020-07-20T18:08:50","date_gmt":"2020-07-20T21:08:50","guid":{"rendered":"http:\/\/sonhosdeninarmoveis.com.br\/?post_type=product&#038;p=5437"},"modified":"2021-06-18T17:07:06","modified_gmt":"2021-06-18T20:07:06","slug":"cama-carruagem-barbie-star-rosa","status":"publish","type":"product","link":"https:\/\/ninarmoveis.com.br\/?product=cama-carruagem-barbie-star-rosa","title":{"rendered":"Cama Carruagem Barbie Star Rosa"},"content":{"rendered":"<ul>\n<li>Dimens\u00f5es<\/li>\n<li>Altura: 74,5 cm<\/li>\n<li>Largura: 93 cm<\/li>\n<li>Profundidade: 197,6 cm<\/li>\n<li>Peso bruto: 34,25 Kg<\/li>\n<\/ul>\n<p><strong>Caracter\u00edsticas:<\/strong><\/p>\n<ul>\n<li>Material: MDF<\/li>\n<li>Estrados refor\u00e7ados<\/li>\n<li>Estrutura com bast\u00f5es em madeira reflorestada<\/li>\n<li>Laterais funcionam como grades de prote\u00e7\u00e3o<\/li>\n<li>Bordas das laterais arrendondadas que protege contra impacto eliminando as quinas ou bordas cortantes<\/li>\n<li>Suporta at\u00e9 120 kg sem impacto<\/li>\n<li>Imagens em serigrafia e impress\u00e3o digital de alta qualidade<\/li>\n<li>Pintura at\u00f3xica<\/li>\n<li>Pedras decorativas<\/li>\n<li>Utiliza colch\u00e3o de 188&#215;88 cm (Vendido separadamente)<\/li>\n<li>Cor: Branco\/Rosa<\/li>\n<\/ul>\n","protected":false},"excerpt":{"rendered":"<p>S\u00edmbolo de charme e eleg\u00e2ncia entre meninas e mulheres, a boneca mais famosa e admirada do mundo estampa os produtos da Linha Barbie Star. Conhecida pela perfei\u00e7\u00e3o em cada detalhe, a boneca Barbie vai trazer magia e encanto para dentro do quarto da sua filha. Modernidade, inova\u00e7\u00e3o e criatividade, s\u00e3o sin\u00f4nimos da Cama Barbie Star.<\/p>\n","protected":false},"featured_media":5448,"comment_status":"open","ping_status":"closed","template":"","meta":[],"_links":{"self":[{"href":"https:\/\/ninarmoveis.com.br\/index.php?rest_route=\/wp\/v2\/product\/5437"}],"collection":[{"href":"https:\/\/ninarmoveis.com.br\/index.php?rest_route=\/wp\/v2\/product"}],"about":[{"href":"https:\/\/ninarmoveis.com.br\/index.php?rest_route=\/wp\/v2\/types\/product"}],"replies":[{"embeddable":true,"href":"https:\/\/ninarmoveis.com.br\/index.php?rest_route=%2Fwp%2Fv2%2Fcomments&post=5437"}],"wp:featuredmedia":[{"embeddable":true,"href":"https:\/\/ninarmoveis.com.br\/index.php?rest_route=\/wp\/v2\/media\/5448"}],"wp:attachment":[{"href":"https:\/\/ninarmoveis.com.br\/index.php?rest_route=%2Fwp%2Fv2%2Fmedia&parent=5437"}],"curies":[{"name":"wp","href":"https:\/\/api.w.org\/{rel}","templated":true}]}}