{"id":5450,"date":"2020-07-20T18:27:31","date_gmt":"2020-07-20T21:27:31","guid":{"rendered":"http:\/\/sonhosdeninarmoveis.com.br\/?post_type=product&#038;p=5450"},"modified":"2021-10-07T13:26:42","modified_gmt":"2021-10-07T16:26:42","slug":"cama-carros-disney-star-vermelho-preto","status":"publish","type":"product","link":"https:\/\/ninarmoveis.com.br\/?product=cama-carros-disney-star-vermelho-preto","title":{"rendered":"Cama Carros Disney Star Vermelho\/Preto"},"content":{"rendered":"<p><strong>Cama Carros Disney Star<\/strong><\/p>\n<ul>\n<li><strong>Dimens\u00f5es<\/strong><\/li>\n<li>Altura: 76,9 cm<\/li>\n<li>Largura: 93 cm<\/li>\n<li>Profundidade: 215,4 cm<\/li>\n<li>Peso bruto: 32,1 kg<\/li>\n<li><strong>Caracter\u00edsticas:<\/strong><\/li>\n<\/ul>\n<ul>\n<li>Material: MDF<\/li>\n<li>Estrados refor\u00e7ados<\/li>\n<li>Estrutura com bast\u00f5es em madeira reflorestada<\/li>\n<li>Resist\u00eancia e durabilidade<\/li>\n<li>Aerof\u00f3lio incluso<\/li>\n<li>Laterais funcionam como grades de prote\u00e7\u00e3o<\/li>\n<li>Bordas das laterais arrendondadas que protege contra impacto eliminando as quinas ou bordas cortantes<\/li>\n<li>Suporta at\u00e9 120 kg sem impacto<\/li>\n<li>Imagens em serigrafia e impress\u00e3o digital de alta qualidade<\/li>\n<li>Pintura at\u00f3xica<\/li>\n<li>Utiliza colch\u00e3o de 188&#215;88 cm (Vendido separadamente)<\/li>\n<li>Cor: Preto\/Vermelho<\/li>\n<\/ul>\n","protected":false},"excerpt":{"rendered":"<p>A Cama Carros Disney Star \u00e9 o verdadeiro Rel\u00e2mpago McQueen que embalar\u00e1 os sonhos de aventura e emo\u00e7\u00e3o das crian\u00e7as. Seu formato de carro, aerof\u00f3lio e sua serigrafia extremamente realista que estampa o personagem principal do filme Cars 3 que \u00e9 sucesso absoluto na Disney, colocar\u00e1 seu filho em um verdadeiro carro de corrida onde a imagina\u00e7\u00e3o e a divers\u00e3o n\u00e3o tem limites!!<\/p>\n","protected":false},"featured_media":5452,"comment_status":"open","ping_status":"closed","template":"","meta":[],"_links":{"self":[{"href":"https:\/\/ninarmoveis.com.br\/index.php?rest_route=\/wp\/v2\/product\/5450"}],"collection":[{"href":"https:\/\/ninarmoveis.com.br\/index.php?rest_route=\/wp\/v2\/product"}],"about":[{"href":"https:\/\/ninarmoveis.com.br\/index.php?rest_route=\/wp\/v2\/types\/product"}],"replies":[{"embeddable":true,"href":"https:\/\/ninarmoveis.com.br\/index.php?rest_route=%2Fwp%2Fv2%2Fcomments&post=5450"}],"wp:featuredmedia":[{"embeddable":true,"href":"https:\/\/ninarmoveis.com.br\/index.php?rest_route=\/wp\/v2\/media\/5452"}],"wp:attachment":[{"href":"https:\/\/ninarmoveis.com.br\/index.php?rest_route=%2Fwp%2Fv2%2Fmedia&parent=5450"}],"curies":[{"name":"wp","href":"https:\/\/api.w.org\/{rel}","templated":true}]}}