{"id":5510,"date":"2020-07-21T20:26:07","date_gmt":"2020-07-21T23:26:07","guid":{"rendered":"http:\/\/sonhosdeninarmoveis.com.br\/?post_type=product&#038;p=5510"},"modified":"2020-09-29T13:45:11","modified_gmt":"2020-09-29T16:45:11","slug":"guarda-roupa-roupeiro-henn-lara-6-portas-9-gaveta-branco","status":"publish","type":"product","link":"https:\/\/ninarmoveis.com.br\/?product=guarda-roupa-roupeiro-henn-lara-6-portas-9-gaveta-branco","title":{"rendered":"Guarda-Roupa \/ Roupeiro Henn Lara, 6 Portas, 9 Gaveta Branco"},"content":{"rendered":"<p><strong>Guarda-Roupa lara 6 portas<\/strong><\/p>\n<ul>\n<li>Largura: 210 cm<\/li>\n<li>Altura: 210 cm<\/li>\n<li>Profundidade: 46,5 cm<\/li>\n<li>Peso: 127,45 kg<\/li>\n<li><strong>Caracter\u00edsticas:<\/strong><\/li>\n<li>Material: Em MDF e MDP<\/li>\n<li>6 Portas<\/li>\n<li>9 Gavetas<\/li>\n<li>Divis\u00f5es internas<\/li>\n<li>Cabideiro alum\u00ednio<\/li>\n<li>Puxadores ABS Cromado<\/li>\n<li>Acabamento Brilho UV<\/li>\n<li>Possui suporte para cabides em alum\u00ednio<\/li>\n<li>Corredi\u00e7as metal<\/li>\n<li>Maior Organiza\u00e7\u00e3o e espa\u00e7o<\/li>\n<li>Cor: Branco Brilho<\/li>\n<\/ul>\n","protected":false},"excerpt":{"rendered":"<div class=\"info-item\">\n<div id=\"produto-descricao\" class=\"info-item-body info-item-body--gutter collapse\">\n<div class=\"detalhe-descricao\">O <strong>Roupeiro Lara<\/strong> \u00e9 a op\u00e7\u00e3o ideal para manter o quarto organizado e ainda aproveitar para renovar a decora\u00e7\u00e3o. Composto por <strong>6 portas e 9 gavetas<\/strong>, conta com amplo espa\u00e7o interno, para a perfeita organiza\u00e7\u00e3o de suas roupas e acess\u00f3rios. A estrutura do guarda-roupa Henn \u00e9 produzida em <strong>MDP e MDF<\/strong> com revestimento em pintura UV, o que garante alto n\u00edvel de qualidade e resist\u00eancia. Al\u00e9m disso, o acabamento interno \u00e9 elaborado em pintura UV no padr\u00e3o Trama, que imita tecido, proporcionando um aspecto mais aconchegante ao produto. Os puxadores cromados d\u00e3o o toque final de requinte ao visual moderno do roupeiro.<\/div>\n<\/div>\n<\/div>\n","protected":false},"featured_media":5511,"comment_status":"open","ping_status":"closed","template":"","meta":[],"_links":{"self":[{"href":"https:\/\/ninarmoveis.com.br\/index.php?rest_route=\/wp\/v2\/product\/5510"}],"collection":[{"href":"https:\/\/ninarmoveis.com.br\/index.php?rest_route=\/wp\/v2\/product"}],"about":[{"href":"https:\/\/ninarmoveis.com.br\/index.php?rest_route=\/wp\/v2\/types\/product"}],"replies":[{"embeddable":true,"href":"https:\/\/ninarmoveis.com.br\/index.php?rest_route=%2Fwp%2Fv2%2Fcomments&post=5510"}],"wp:featuredmedia":[{"embeddable":true,"href":"https:\/\/ninarmoveis.com.br\/index.php?rest_route=\/wp\/v2\/media\/5511"}],"wp:attachment":[{"href":"https:\/\/ninarmoveis.com.br\/index.php?rest_route=%2Fwp%2Fv2%2Fmedia&parent=5510"}],"curies":[{"name":"wp","href":"https:\/\/api.w.org\/{rel}","templated":true}]}}