{"id":5523,"date":"2020-07-22T10:17:07","date_gmt":"2020-07-22T13:17:07","guid":{"rendered":"http:\/\/sonhosdeninarmoveis.com.br\/?post_type=product&#038;p=5523"},"modified":"2021-10-07T13:21:34","modified_gmt":"2021-10-07T16:21:34","slug":"cama-auxiliar-gavetao-paixao-branca","status":"publish","type":"product","link":"https:\/\/ninarmoveis.com.br\/?product=cama-auxiliar-gavetao-paixao-branca","title":{"rendered":"Cama Auxiliar Gavet\u00e3o Paix\u00e3o Branca"},"content":{"rendered":"<p><strong>Cama auxiliar Paix\u00e3o<\/strong><\/p>\n<p><strong>Dimens\u00f5es<\/strong><\/p>\n<ul>\n<li>Altura: 25 cm<\/li>\n<li>Largura: 93 cm<\/li>\n<li>Profundidade: 188 cm<\/li>\n<li>Peso bruto: 12,7 kg<\/li>\n<\/ul>\n<p><strong><em>\u00a0 \u00a0 \u00a0 \u00a0Caracter\u00edsticas:<\/em><\/strong><\/p>\n<ul>\n<li>\u00a0Produto 100% em MDF<\/li>\n<li>Barra em MDF 20 mm o restante em 15 mm<\/li>\n<li>Pintura at\u00f3xica<\/li>\n<li>Estrados refor\u00e7ados<\/li>\n<li>\u00a0Resist\u00eancia e durabilidade<\/li>\n<li>\u00a0Suporta at\u00e9 90 Kg sem impacto<\/li>\n<li>Branco<\/li>\n<\/ul>\n","protected":false},"excerpt":{"rendered":"<p>Para completar o quarto de seu Beb\u00ea a M\u00f3veis Estrela desenvolveu esta pr\u00e1tica e vers\u00e1til Cama Auxiliar.<br \/>\nA Cama Auxiliar Paix\u00e3o foi desenvolvida para colch\u00e3o de 188&#215;88.<br \/>\n\u00c9 uma m\u00f3vel importante que pode ser acoplado \u00e0 Cama de Bab\u00e1 Amore, podendo ser usada como Cama ou Gavet\u00e3o.<\/p>\n","protected":false},"featured_media":5527,"comment_status":"open","ping_status":"closed","template":"","meta":[],"_links":{"self":[{"href":"https:\/\/ninarmoveis.com.br\/index.php?rest_route=\/wp\/v2\/product\/5523"}],"collection":[{"href":"https:\/\/ninarmoveis.com.br\/index.php?rest_route=\/wp\/v2\/product"}],"about":[{"href":"https:\/\/ninarmoveis.com.br\/index.php?rest_route=\/wp\/v2\/types\/product"}],"replies":[{"embeddable":true,"href":"https:\/\/ninarmoveis.com.br\/index.php?rest_route=%2Fwp%2Fv2%2Fcomments&post=5523"}],"wp:featuredmedia":[{"embeddable":true,"href":"https:\/\/ninarmoveis.com.br\/index.php?rest_route=\/wp\/v2\/media\/5527"}],"wp:attachment":[{"href":"https:\/\/ninarmoveis.com.br\/index.php?rest_route=%2Fwp%2Fv2%2Fmedia&parent=5523"}],"curies":[{"name":"wp","href":"https:\/\/api.w.org\/{rel}","templated":true}]}}