{"id":5535,"date":"2020-07-22T11:23:08","date_gmt":"2020-07-22T14:23:08","guid":{"rendered":"http:\/\/sonhosdeninarmoveis.com.br\/?post_type=product&#038;p=5535"},"modified":"2021-10-07T13:19:58","modified_gmt":"2021-10-07T16:19:58","slug":"cama-baba-paixao-com-auxiliar-branco","status":"publish","type":"product","link":"https:\/\/ninarmoveis.com.br\/?product=cama-baba-paixao-com-auxiliar-branco","title":{"rendered":"Cama Bab\u00e1 Paix\u00e3o com Auxiliar Branco"},"content":{"rendered":"<p><strong>Cama Bab\u00e1 Paix\u00e3o c\/ Auxiliar<\/strong><\/p>\n<p><strong>Dimens\u00f5es<\/strong><\/p>\n<ul>\n<li>Altura: 80 cm<\/li>\n<li>Largura: 97 cm<\/li>\n<li>Profundidade: 193 cm<\/li>\n<li>Peso bruto: 55,4 kg<\/li>\n<\/ul>\n<p><strong><em>\u00a0 \u00a0 \u00a0 \u00a0 \u00a0Caracter\u00edsticas:<\/em><\/strong><\/p>\n<ul>\n<li>Material: 100% MDF<\/li>\n<li>Pintura at\u00f3xica com acabamento U.V<\/li>\n<li>Resist\u00eancia e durabilidade<\/li>\n<li>Cama suporta at\u00e9 90 kg sem impacto<\/li>\n<li>Auxiliar suporta ate 80 kg sem impacto<\/li>\n<li>Utiliza colch\u00e3o de 88&#215;188 cm (Vendido separadamente)<\/li>\n<li>Estrados refor\u00e7ado<\/li>\n<li>Rod\u00edzio em acr\u00edlico<\/li>\n<li>Cor: Branco acetinado<\/li>\n<\/ul>\n","protected":false},"excerpt":{"rendered":"<p>Decore o quarto de seu Beb\u00ea com esta pr\u00e1tica e vers\u00e1til Cama de Bab\u00e1 com Cama Auxiliar Paix\u00e3o. A cama de Bab\u00e1 Paix\u00e3o com Cama Auxliar foi desenvolvida para colch\u00e3o de 188 x 88. A cama auxiliar tem 2 fun\u00e7\u00f5es, ela pode ser usada como Cama ou como Gavet\u00e3o.<\/p>\n","protected":false},"featured_media":5544,"comment_status":"open","ping_status":"closed","template":"","meta":[],"_links":{"self":[{"href":"https:\/\/ninarmoveis.com.br\/index.php?rest_route=\/wp\/v2\/product\/5535"}],"collection":[{"href":"https:\/\/ninarmoveis.com.br\/index.php?rest_route=\/wp\/v2\/product"}],"about":[{"href":"https:\/\/ninarmoveis.com.br\/index.php?rest_route=\/wp\/v2\/types\/product"}],"replies":[{"embeddable":true,"href":"https:\/\/ninarmoveis.com.br\/index.php?rest_route=%2Fwp%2Fv2%2Fcomments&post=5535"}],"wp:featuredmedia":[{"embeddable":true,"href":"https:\/\/ninarmoveis.com.br\/index.php?rest_route=\/wp\/v2\/media\/5544"}],"wp:attachment":[{"href":"https:\/\/ninarmoveis.com.br\/index.php?rest_route=%2Fwp%2Fv2%2Fmedia&parent=5535"}],"curies":[{"name":"wp","href":"https:\/\/api.w.org\/{rel}","templated":true}]}}