{"id":5542,"date":"2020-07-22T11:50:43","date_gmt":"2020-07-22T14:50:43","guid":{"rendered":"http:\/\/sonhosdeninarmoveis.com.br\/?post_type=product&#038;p=5542"},"modified":"2020-10-14T20:04:14","modified_gmt":"2020-10-14T23:04:14","slug":"cama-carro-ultrasonic-azul","status":"publish","type":"product","link":"https:\/\/ninarmoveis.com.br\/?product=cama-carro-ultrasonic-azul","title":{"rendered":"Cama Carro Ultrasonic Azul"},"content":{"rendered":"<p><strong>Cama Carro Ultrasonic<\/strong><\/p>\n<ul>\n<li>Dimens\u00f5es<\/li>\n<li>Altura: 61 cm<\/li>\n<li>Largura: 57 cm<\/li>\n<li>Profundidade: 200 cm<\/li>\n<li>Peso bruto: 27,2 kg<\/li>\n<\/ul>\n<p><strong>\u00a0 \u00a0 \u00a0 \u00a0 Caracter\u00edsticas:<\/strong><\/p>\n<ul>\n<li>Material: MDF<\/li>\n<li>Estrados refor\u00e7ados<\/li>\n<li>Estrutura com bast\u00f5es em madeira reflorestada<\/li>\n<li>Resist\u00eancia e durabilidade<\/li>\n<li>Laterais funcionam como grades de prote\u00e7\u00e3o<\/li>\n<li>Bordas das laterais arrendondadas que protege contra impacto eliminando as quinas ou bordas cortantes<\/li>\n<li>Suporta at\u00e9 90 kg sem impacto<\/li>\n<li>Imagens em serigrafia e impress\u00e3o digital de alta qualidade<\/li>\n<li>Estrados em longarinas MDF 12mm<\/li>\n<li>Pintura at\u00f3xica<\/li>\n<li>Utiliza colch\u00e3o de 188&#215;88 cm (Vendido separadamente)<\/li>\n<li>Cor: Azul<\/li>\n<\/ul>\n","protected":false},"excerpt":{"rendered":"<p>Com a Cama Ultrasonic Car, ele ter\u00e1 seu quarto muito mais divertido e suas noites de sono mais seguras e confort\u00e1veis. Foi pensando nisso que desenvolvemos esta cama de design divertido para colch\u00e3o de 188 x 88 cm onde seu filho poder\u00e1 dormir e tamb\u00e9m brincar. Cama Ultrasonic Car, estrutura em MDF, com excelente acabamento em serigrafia\/impress\u00e3o digital e pintura U.V. Bordas arredondadas que protege contra impacto eliminando as quinas ou bordas cortantes. Suas laterais servem de prote\u00e7\u00e3o garantindo a seguran\u00e7a.<\/p>\n","protected":false},"featured_media":5547,"comment_status":"open","ping_status":"closed","template":"","meta":[],"_links":{"self":[{"href":"https:\/\/ninarmoveis.com.br\/index.php?rest_route=\/wp\/v2\/product\/5542"}],"collection":[{"href":"https:\/\/ninarmoveis.com.br\/index.php?rest_route=\/wp\/v2\/product"}],"about":[{"href":"https:\/\/ninarmoveis.com.br\/index.php?rest_route=\/wp\/v2\/types\/product"}],"replies":[{"embeddable":true,"href":"https:\/\/ninarmoveis.com.br\/index.php?rest_route=%2Fwp%2Fv2%2Fcomments&post=5542"}],"wp:featuredmedia":[{"embeddable":true,"href":"https:\/\/ninarmoveis.com.br\/index.php?rest_route=\/wp\/v2\/media\/5547"}],"wp:attachment":[{"href":"https:\/\/ninarmoveis.com.br\/index.php?rest_route=%2Fwp%2Fv2%2Fmedia&parent=5542"}],"curies":[{"name":"wp","href":"https:\/\/api.w.org\/{rel}","templated":true}]}}