{"id":5552,"date":"2020-07-22T12:49:32","date_gmt":"2020-07-22T15:49:32","guid":{"rendered":"http:\/\/sonhosdeninarmoveis.com.br\/?post_type=product&#038;p=5552"},"modified":"2021-03-15T16:26:04","modified_gmt":"2021-03-15T19:26:04","slug":"cama-carruagem-festa-na-floresta","status":"publish","type":"product","link":"https:\/\/ninarmoveis.com.br\/?product=cama-carruagem-festa-na-floresta","title":{"rendered":"Cama Carruagem Festa na Floresta"},"content":{"rendered":"<p><strong>Cama Carruagem Festa na Floresta<\/strong><\/p>\n<ul>\n<li>Dimens\u00f5es<\/li>\n<li>Altura: 69,5cm<\/li>\n<li>Largura: 92,5 cm<\/li>\n<li>Profundidade: 200 cm<\/li>\n<li>Peso: 28,3 kg<\/li>\n<\/ul>\n<p><strong>\u00a0 \u00a0 \u00a0 \u00a0 Caracter\u00edsticas:<\/strong><\/p>\n<ul>\n<li>Material: 100% em MDF<\/li>\n<li>Estrado em MDF e madeira<\/li>\n<li>Bordas Arredondadas nas laterais que protejem contra impacto as quinas ou bordas cortantes<\/li>\n<li>Pintura at\u00f3xica e serigrafia, impress\u00e3o digital com acabamento U.V<\/li>\n<li>Laterais funcionam como grades de prote\u00e7\u00e3o<\/li>\n<li>Suporta at\u00e9 90 kg sem impacto<\/li>\n<li>Estrado refor\u00e7ados<\/li>\n<li>Resist\u00eancia e durabilidade<\/li>\n<li>Utiliza colch\u00e3o de 188&#215;88 cm (Vendido separadamente)<\/li>\n<li>Cor: Branco e Rosa<\/li>\n<\/ul>\n","protected":false},"excerpt":{"rendered":"<p>Sua filha merece!! Com a Cama Festa na Floresta, ela ter\u00e1 seu quarto muito mais divertido e suas noites de sono mais seguras e confort\u00e1veis. Foi pensando nisso que desenvolvemos esta cama de design divertido para colch\u00e3o de 188 x 88 cm onde sua filha poder\u00e1 dormir e tamb\u00e9m brincar.<\/p>\n<p>&nbsp;<\/p>\n","protected":false},"featured_media":5555,"comment_status":"open","ping_status":"closed","template":"","meta":[],"_links":{"self":[{"href":"https:\/\/ninarmoveis.com.br\/index.php?rest_route=\/wp\/v2\/product\/5552"}],"collection":[{"href":"https:\/\/ninarmoveis.com.br\/index.php?rest_route=\/wp\/v2\/product"}],"about":[{"href":"https:\/\/ninarmoveis.com.br\/index.php?rest_route=\/wp\/v2\/types\/product"}],"replies":[{"embeddable":true,"href":"https:\/\/ninarmoveis.com.br\/index.php?rest_route=%2Fwp%2Fv2%2Fcomments&post=5552"}],"wp:featuredmedia":[{"embeddable":true,"href":"https:\/\/ninarmoveis.com.br\/index.php?rest_route=\/wp\/v2\/media\/5555"}],"wp:attachment":[{"href":"https:\/\/ninarmoveis.com.br\/index.php?rest_route=%2Fwp%2Fv2%2Fmedia&parent=5552"}],"curies":[{"name":"wp","href":"https:\/\/api.w.org\/{rel}","templated":true}]}}