{"id":5567,"date":"2020-07-22T13:11:09","date_gmt":"2020-07-22T16:11:09","guid":{"rendered":"http:\/\/sonhosdeninarmoveis.com.br\/?post_type=product&#038;p=5567"},"modified":"2021-10-07T13:14:44","modified_gmt":"2021-10-07T16:14:44","slug":"porta-brinquedo-peteco-rosa","status":"publish","type":"product","link":"https:\/\/ninarmoveis.com.br\/?product=porta-brinquedo-peteco-rosa","title":{"rendered":"Porta Brinquedo Peteco Rosa"},"content":{"rendered":"<p><strong>Porta Brinquedo Teco<\/strong><\/p>\n<ul>\n<li><strong>Dimens\u00f5es<\/strong><\/li>\n<li>Altura: 91 cm<\/li>\n<li>Largura: 63 cm<\/li>\n<li>Profundidade: 35 cm<\/li>\n<li>Peso Bruto: 14,45 Kg<\/li>\n<li><strong>Caracter\u00edsticas<\/strong><\/li>\n<li>\u00a0Produto em MDP<\/li>\n<li>\u00a0Laterais com bordas arredondadas e perfil de PVC<\/li>\n<li>Montagem com parafusos e porca cil\u00edndrica.<strong>Informa\u00e7\u00f5es T\u00e9cnicas<\/strong><\/li>\n<li>Peso Suportado das Prateleiras: 3 Kg<\/li>\n<li>Acabamento: Pintura UV Brilho de Alta Qualidade<\/li>\n<li>Branco\/Rosa<\/li>\n<\/ul>\n","protected":false},"excerpt":{"rendered":"<p>Porta brinquedo Teco, desenvolvido para que a mam\u00e3e possa organizar de forma pr\u00e1tica o quartinho do seu filho(a). Com o porta brinquedo Teco, a crian\u00e7a tem acesso f\u00e1cil aos brinquedos podendo colocar ou tirar sem precisar de ajuda de adultos. Possui 4 prateleiras que formam nichos de tamanhos diferentes para que possa ser guardados brinquedos de v\u00e1rios tamanhos. Tamb\u00e9m pode ser utilizado em brinquedotecas por ser compacto n\u00e3o utiliza muito espa\u00e7o nos ambientes.<\/p>\n","protected":false},"featured_media":5565,"comment_status":"open","ping_status":"closed","template":"","meta":[],"_links":{"self":[{"href":"https:\/\/ninarmoveis.com.br\/index.php?rest_route=\/wp\/v2\/product\/5567"}],"collection":[{"href":"https:\/\/ninarmoveis.com.br\/index.php?rest_route=\/wp\/v2\/product"}],"about":[{"href":"https:\/\/ninarmoveis.com.br\/index.php?rest_route=\/wp\/v2\/types\/product"}],"replies":[{"embeddable":true,"href":"https:\/\/ninarmoveis.com.br\/index.php?rest_route=%2Fwp%2Fv2%2Fcomments&post=5567"}],"wp:featuredmedia":[{"embeddable":true,"href":"https:\/\/ninarmoveis.com.br\/index.php?rest_route=\/wp\/v2\/media\/5565"}],"wp:attachment":[{"href":"https:\/\/ninarmoveis.com.br\/index.php?rest_route=%2Fwp%2Fv2%2Fmedia&parent=5567"}],"curies":[{"name":"wp","href":"https:\/\/api.w.org\/{rel}","templated":true}]}}