{"id":5587,"date":"2020-07-22T18:22:21","date_gmt":"2020-07-22T21:22:21","guid":{"rendered":"http:\/\/sonhosdeninarmoveis.com.br\/?post_type=product&#038;p=5587"},"modified":"2021-05-05T19:07:46","modified_gmt":"2021-05-05T22:07:46","slug":"roupeiro-twister-4-portas-neve-imbuia-rustico","status":"publish","type":"product","link":"https:\/\/ninarmoveis.com.br\/?product=roupeiro-twister-4-portas-neve-imbuia-rustico","title":{"rendered":"Roupeiro Twister 4 portas Neve\/Imbuia Rustico"},"content":{"rendered":"<p><strong>Guarda-Roupa Twister 4 pts<\/strong><\/p>\n<ul>\n<li><strong>Dimens\u00f5es<\/strong><\/li>\n<li>Largura: 142 cm<\/li>\n<li>Altura: 204 cm<\/li>\n<li>Profundidade: 45 cm<\/li>\n<li>Peso: 106 kg<\/li>\n<\/ul>\n<p><strong>\u00a0 \u00a0 \u00a0 \u00a0 \u00a0Caracter\u00edsticas:<\/strong><\/p>\n<ul>\n<li>Material: Em 100% MDF de alta resist\u00eancia<\/li>\n<li>4 Portas<\/li>\n<li>2 Gavetas<\/li>\n<li>7 Divis\u00f5es internas<\/li>\n<li>Cabideiro met\u00e1lico<\/li>\n<li>Puxadores em madeira maci\u00e7a<\/li>\n<li>Acabamento UV semi Brilho<\/li>\n<li>Possui suporte para cabides em alum\u00ednio<\/li>\n<li>Corredi\u00e7as Telesc\u00f3picas<\/li>\n<li>4 P\u00e9s palito em madeira<\/li>\n<li>Cor: Neve\/Imbuia Rustico<\/li>\n<\/ul>\n","protected":false},"excerpt":{"rendered":"<p>Nada como um visual Retr\u00f4 para dar um toque de alegria e design no ambiente. O Guarda Roupa Twister 4 portas \u00e9 ideial para qualquer espa\u00e7o, ele se encaixa tanto para um quarto infantil quanto para um quarto mais jovem. Com gavetas amplas e cabideiros que permitem acomodar itens de forma organizada, deixando tudo sempre ao alcance.<\/p>\n","protected":false},"featured_media":5589,"comment_status":"open","ping_status":"closed","template":"","meta":[],"_links":{"self":[{"href":"https:\/\/ninarmoveis.com.br\/index.php?rest_route=\/wp\/v2\/product\/5587"}],"collection":[{"href":"https:\/\/ninarmoveis.com.br\/index.php?rest_route=\/wp\/v2\/product"}],"about":[{"href":"https:\/\/ninarmoveis.com.br\/index.php?rest_route=\/wp\/v2\/types\/product"}],"replies":[{"embeddable":true,"href":"https:\/\/ninarmoveis.com.br\/index.php?rest_route=%2Fwp%2Fv2%2Fcomments&post=5587"}],"wp:featuredmedia":[{"embeddable":true,"href":"https:\/\/ninarmoveis.com.br\/index.php?rest_route=\/wp\/v2\/media\/5589"}],"wp:attachment":[{"href":"https:\/\/ninarmoveis.com.br\/index.php?rest_route=%2Fwp%2Fv2%2Fmedia&parent=5587"}],"curies":[{"name":"wp","href":"https:\/\/api.w.org\/{rel}","templated":true}]}}