{"id":5604,"date":"2020-07-22T19:01:14","date_gmt":"2020-07-22T22:01:14","guid":{"rendered":"http:\/\/sonhosdeninarmoveis.com.br\/?post_type=product&#038;p=5604"},"modified":"2021-07-11T00:01:45","modified_gmt":"2021-07-11T03:01:45","slug":"roupeiro-evolution-imbuia-rustico-neve-2","status":"publish","type":"product","link":"https:\/\/ninarmoveis.com.br\/?product=roupeiro-evolution-imbuia-rustico-neve-2","title":{"rendered":"Roupeiro Evolution 4 portas Imbuia Rustico\/Neve"},"content":{"rendered":"<p><strong>Guarda-Roupa Evolution 4 pts<\/strong><\/p>\n<ul>\n<li><strong>Dimens\u00f5es<\/strong><\/li>\n<li>Largura: 180 cm<\/li>\n<li>Altura: 200 cm<\/li>\n<li>Profundidade: 47 cm<\/li>\n<li>Peso: 120,5 kg<\/li>\n<\/ul>\n<p><strong>\u00a0 \u00a0 \u00a0 \u00a0 \u00a0 Caracter\u00edsticas:<\/strong><\/p>\n<ul>\n<li>Material: Em 100% MDF de alta resist\u00eancia<\/li>\n<li>4 Portas<\/li>\n<li>5 Gavetas<\/li>\n<li>7 Divis\u00f5es internas<\/li>\n<li>Cabideiro met\u00e1lico<\/li>\n<li>Puxadores em madeira maci\u00e7a<\/li>\n<li>Acabamento UV semi Brilho<\/li>\n<li>Possui suporte para cabides em alum\u00ednio<\/li>\n<li>Peso m\u00e1ximo prateleiras 20 kg<\/li>\n<li>Peso m\u00e1ximo gavetas 10 kg<\/li>\n<li>Corredi\u00e7as Telesc\u00f3picas<\/li>\n<li>8 P\u00e9s pl\u00e1sticos<\/li>\n<li>Cor: Imbuia Rustico\/Neve<\/li>\n<\/ul>\n","protected":false},"excerpt":{"rendered":"<p>Idealizado para tornar o quarto do seu beb\u00ea aconchegante e funcional, excelente espa\u00e7o interno com maleiro, prateleiras amplas e espa\u00e7o multifuncional com cabideiros em alum\u00ednio. Para maior seguran\u00e7a as portas possuem desenhos com acr\u00edlicos fixados.<\/p>\n","protected":false},"featured_media":5599,"comment_status":"open","ping_status":"closed","template":"","meta":[],"_links":{"self":[{"href":"https:\/\/ninarmoveis.com.br\/index.php?rest_route=\/wp\/v2\/product\/5604"}],"collection":[{"href":"https:\/\/ninarmoveis.com.br\/index.php?rest_route=\/wp\/v2\/product"}],"about":[{"href":"https:\/\/ninarmoveis.com.br\/index.php?rest_route=\/wp\/v2\/types\/product"}],"replies":[{"embeddable":true,"href":"https:\/\/ninarmoveis.com.br\/index.php?rest_route=%2Fwp%2Fv2%2Fcomments&post=5604"}],"wp:featuredmedia":[{"embeddable":true,"href":"https:\/\/ninarmoveis.com.br\/index.php?rest_route=\/wp\/v2\/media\/5599"}],"wp:attachment":[{"href":"https:\/\/ninarmoveis.com.br\/index.php?rest_route=%2Fwp%2Fv2%2Fmedia&parent=5604"}],"curies":[{"name":"wp","href":"https:\/\/api.w.org\/{rel}","templated":true}]}}