{"id":5608,"date":"2020-07-22T19:31:26","date_gmt":"2020-07-22T22:31:26","guid":{"rendered":"http:\/\/sonhosdeninarmoveis.com.br\/?post_type=product&#038;p=5608"},"modified":"2022-04-03T11:26:50","modified_gmt":"2022-04-03T14:26:50","slug":"comoda-sapateira-evolution-branca","status":"publish","type":"product","link":"https:\/\/ninarmoveis.com.br\/?product=comoda-sapateira-evolution-branca","title":{"rendered":"Comoda Sapateira Evolution Branca"},"content":{"rendered":"<p><strong>Comoda Evolution<\/strong><\/p>\n<ul>\n<li>Largura: 136 Cm<\/li>\n<li>Altura: 91,8 cm<\/li>\n<li>Profundidade: 43 cm<\/li>\n<li>Peso: 48,31 kg<\/li>\n<li><strong>Caracter\u00edsticas:<\/strong><\/li>\n<li>Material: 100% MDF<\/li>\n<li>5 Gavetas<\/li>\n<li>1 Porta com detalhes em acr\u00edlico<\/li>\n<li>1 Prateleira interna<\/li>\n<li>Puxadores em PVC<\/li>\n<li>Suporta at\u00e9 50 kg<\/li>\n<li>Acabamento pintura brilho<\/li>\n<li>Tampo com Bordas arredondadas<\/li>\n<li>Cor: Branco<\/li>\n<\/ul>\n","protected":false},"excerpt":{"rendered":"<p>Ampla e espa\u00e7osa, com layout moderno e detalhes da porta com pintura em PU e acr\u00edlico fixado, a C\u00f4moda Evolution \u00e9 produzida em MDF, possui 5 gavetas com corredi\u00e7as telesc\u00f3picas, ampla sapateira com prateleira, puxadores em PVC e dobradi\u00e7as 26 mm para maior resist\u00eancia.<\/p>\n","protected":false},"featured_media":5609,"comment_status":"open","ping_status":"closed","template":"","meta":[],"_links":{"self":[{"href":"https:\/\/ninarmoveis.com.br\/index.php?rest_route=\/wp\/v2\/product\/5608"}],"collection":[{"href":"https:\/\/ninarmoveis.com.br\/index.php?rest_route=\/wp\/v2\/product"}],"about":[{"href":"https:\/\/ninarmoveis.com.br\/index.php?rest_route=\/wp\/v2\/types\/product"}],"replies":[{"embeddable":true,"href":"https:\/\/ninarmoveis.com.br\/index.php?rest_route=%2Fwp%2Fv2%2Fcomments&post=5608"}],"wp:featuredmedia":[{"embeddable":true,"href":"https:\/\/ninarmoveis.com.br\/index.php?rest_route=\/wp\/v2\/media\/5609"}],"wp:attachment":[{"href":"https:\/\/ninarmoveis.com.br\/index.php?rest_route=%2Fwp%2Fv2%2Fmedia&parent=5608"}],"curies":[{"name":"wp","href":"https:\/\/api.w.org\/{rel}","templated":true}]}}