{"id":5632,"date":"2020-07-23T18:43:13","date_gmt":"2020-07-23T21:43:13","guid":{"rendered":"http:\/\/sonhosdeninarmoveis.com.br\/?post_type=product&#038;p=5632"},"modified":"2022-03-05T16:13:49","modified_gmt":"2022-03-05T19:13:49","slug":"comoda-twister-sapateira-imbuia-rustico-neve","status":"publish","type":"product","link":"https:\/\/ninarmoveis.com.br\/?product=comoda-twister-sapateira-imbuia-rustico-neve","title":{"rendered":"Comoda Twister Sapateira Imbuia Rustico\/Neve"},"content":{"rendered":"<p><strong>Comoda Twister<\/strong><\/p>\n<p><strong>\u00a0 \u00a0 \u00a0\u00a0<\/strong><b>Dimens\u00f5es<\/b><\/p>\n<ul>\n<li>Largura: 107 Cm<\/li>\n<li>Altura: 93 cm<\/li>\n<li>Profundidade: 45<\/li>\n<li>Peso: 48,6 kg<\/li>\n<li><strong>Caracter\u00edsticas:<\/strong><\/li>\n<li>Material: 100% MDF<\/li>\n<li>3 Gavetas<\/li>\n<li>Corredi\u00e7as telesc\u00f3picas<\/li>\n<li>1 Prateleira interna<\/li>\n<li>Puxadores em madeira maci\u00e7a<\/li>\n<li>Palito em madeira, fixado com chapa de metal<\/li>\n<li>Acabamento pintura brilho<\/li>\n<li>Tampo com Bordas arredondadas<\/li>\n<li>Cor: Imbuia Rustico\/Neve<\/li>\n<\/ul>\n","protected":false},"excerpt":{"rendered":"<p>Seus puxadores e p\u00e9s em madeira d\u00e3o aquele toque especial para quem procura beleza e sofistica\u00e7\u00e3o. Tenha um m\u00f3vel de qualidade e beleza em sua casa. Tenha a\u00a0<strong>C\u00f4moda com Sapateira Twister!!<\/strong><\/p>\n","protected":false},"featured_media":5639,"comment_status":"open","ping_status":"closed","template":"","meta":[],"_links":{"self":[{"href":"https:\/\/ninarmoveis.com.br\/index.php?rest_route=\/wp\/v2\/product\/5632"}],"collection":[{"href":"https:\/\/ninarmoveis.com.br\/index.php?rest_route=\/wp\/v2\/product"}],"about":[{"href":"https:\/\/ninarmoveis.com.br\/index.php?rest_route=\/wp\/v2\/types\/product"}],"replies":[{"embeddable":true,"href":"https:\/\/ninarmoveis.com.br\/index.php?rest_route=%2Fwp%2Fv2%2Fcomments&post=5632"}],"wp:featuredmedia":[{"embeddable":true,"href":"https:\/\/ninarmoveis.com.br\/index.php?rest_route=\/wp\/v2\/media\/5639"}],"wp:attachment":[{"href":"https:\/\/ninarmoveis.com.br\/index.php?rest_route=%2Fwp%2Fv2%2Fmedia&parent=5632"}],"curies":[{"name":"wp","href":"https:\/\/api.w.org\/{rel}","templated":true}]}}