{"id":5646,"date":"2020-07-23T23:19:20","date_gmt":"2020-07-24T02:19:20","guid":{"rendered":"http:\/\/sonhosdeninarmoveis.com.br\/?post_type=product&#038;p=5646"},"modified":"2023-05-04T21:36:10","modified_gmt":"2023-05-05T00:36:10","slug":"mesinha-de-apoio-nuvem-azul","status":"publish","type":"product","link":"https:\/\/ninarmoveis.com.br\/?product=mesinha-de-apoio-nuvem-azul","title":{"rendered":"Mesinha de Apoio Nuvem Azul"},"content":{"rendered":"<p><strong>Mesinha\u00a0<\/strong><b>Nuvem<\/b><\/p>\n<p><strong>Dimens\u00f5es<\/strong><\/p>\n<ul>\n<li>Altura: 52 cm<\/li>\n<li>Largura: 59 cm<\/li>\n<li>Profundidade: 36 cm<\/li>\n<li><b>Caracter\u00edsticas<\/b><\/li>\n<li>P\u00e9s palito madeira<\/li>\n<li>Tampo 12 mm<\/li>\n<li>Cor: Azul<\/li>\n<\/ul>\n<p>&nbsp;<\/p>\n","protected":false},"excerpt":{"rendered":"<p>Mesa p\u00e9 palito foi criada pensando em praticidade e delicadeza. Uma linda pe\u00e7a pra decorar seu ambiente. O quarto do seu filho ganhou ainda mais charme!! Alem de ser muito vers\u00e1til!!<\/p>\n","protected":false},"featured_media":5666,"comment_status":"open","ping_status":"closed","template":"","meta":[],"_links":{"self":[{"href":"https:\/\/ninarmoveis.com.br\/index.php?rest_route=\/wp\/v2\/product\/5646"}],"collection":[{"href":"https:\/\/ninarmoveis.com.br\/index.php?rest_route=\/wp\/v2\/product"}],"about":[{"href":"https:\/\/ninarmoveis.com.br\/index.php?rest_route=\/wp\/v2\/types\/product"}],"replies":[{"embeddable":true,"href":"https:\/\/ninarmoveis.com.br\/index.php?rest_route=%2Fwp%2Fv2%2Fcomments&post=5646"}],"wp:featuredmedia":[{"embeddable":true,"href":"https:\/\/ninarmoveis.com.br\/index.php?rest_route=\/wp\/v2\/media\/5666"}],"wp:attachment":[{"href":"https:\/\/ninarmoveis.com.br\/index.php?rest_route=%2Fwp%2Fv2%2Fmedia&parent=5646"}],"curies":[{"name":"wp","href":"https:\/\/api.w.org\/{rel}","templated":true}]}}